{"id":1116,"date":"2025-06-10T08:11:32","date_gmt":"2025-06-10T08:11:32","guid":{"rendered":"https:\/\/www.underpolo.com\/product\/the-executive\/"},"modified":"2026-01-22T16:00:13","modified_gmt":"2026-01-22T14:00:13","slug":"the-executive","status":"publish","type":"product","link":"https:\/\/www.underpolo.com\/fr\/produit\/the-executive\/","title":{"rendered":"The Executive"},"content":{"rendered":"<p>The Executive allie \u00e9l\u00e9gance et domination dans une seule silhouette. Pour ceux pour qui minimalisme et puissance sont toujours de mise. <\/p>\n<p>&nbsp;<\/p>\n<p>Couleur noire. Dot\u00e9 d&rsquo;un col robuste mais confortable. Fabriqu\u00e9 en coton de haute qualit\u00e9 (97 %) et confectionn\u00e9 avec le plus grand soin et savoir-faire.  <\/p>\n","protected":false},"excerpt":{"rendered":"<p>The Executive allie \u00e9l\u00e9gance et domination dans une seule silhouette. Pour ceux pour qui minimalisme et puissance sont toujours de mise. &nbsp; Couleur noire. Dot\u00e9 d&rsquo;un col robuste mais confortable. Fabriqu\u00e9 en coton de haute qualit\u00e9 (97 %) et confectionn\u00e9 avec le plus grand soin et savoir-faire.<\/p>\n","protected":false},"featured_media":1117,"template":"","meta":{"_acf_changed":false},"product_brand":[],"product_cat":[44],"product_tag":[],"class_list":{"0":"post-1116","1":"product","2":"type-product","3":"status-publish","4":"has-post-thumbnail","6":"product_cat-non-categorise","8":"first","9":"instock","10":"taxable","11":"shipping-taxable","12":"purchasable","13":"product-type-variable","14":"has-default-attributes"},"acf":[],"yoast_head":"<!-- This site is optimized with the Yoast SEO plugin v27.5 - https:\/\/yoast.com\/product\/yoast-seo-wordpress\/ -->\n<title>The Executive - Underpolo<\/title>\n<meta name=\"robots\" content=\"index, follow, max-snippet:-1, max-image-preview:large, max-video-preview:-1\" \/>\n<link rel=\"canonical\" href=\"https:\/\/www.underpolo.com\/fr\/produit\/the-executive\/\" \/>\n<meta property=\"og:locale\" content=\"fr_FR\" \/>\n<meta property=\"og:type\" content=\"article\" \/>\n<meta property=\"og:title\" content=\"The Executive - Underpolo\" \/>\n<meta property=\"og:description\" content=\"The Executive allie \u00e9l\u00e9gance et domination dans une seule silhouette. Pour ceux pour qui minimalisme et puissance sont toujours de mise. &nbsp; Couleur noire. Dot\u00e9 d&rsquo;un col robuste mais confortable. Fabriqu\u00e9 en coton de haute qualit\u00e9 (97 %) et confectionn\u00e9 avec le plus grand soin et savoir-faire.\" \/>\n<meta property=\"og:url\" content=\"https:\/\/www.underpolo.com\/fr\/produit\/the-executive\/\" \/>\n<meta property=\"og:site_name\" content=\"Underpolo\" \/>\n<meta property=\"article:modified_time\" content=\"2026-01-22T14:00:13+00:00\" \/>\n<meta property=\"og:image\" content=\"https:\/\/www.underpolo.com\/wp-content\/uploads\/2025\/06\/Executivekopie.png\" \/>\n\t<meta property=\"og:image:width\" content=\"1055\" \/>\n\t<meta property=\"og:image:height\" content=\"1459\" \/>\n\t<meta property=\"og:image:type\" content=\"image\/png\" \/>\n<meta name=\"twitter:card\" content=\"summary_large_image\" \/>\n<meta name=\"twitter:label1\" content=\"Dur\u00e9e de lecture estim\u00e9e\" \/>\n\t<meta name=\"twitter:data1\" content=\"1 minute\" \/>\n<script type=\"application\/ld+json\" class=\"yoast-schema-graph\">{\"@context\":\"https:\\\/\\\/schema.org\",\"@graph\":[{\"@type\":\"WebPage\",\"@id\":\"https:\\\/\\\/www.underpolo.com\\\/fr\\\/produit\\\/the-executive\\\/\",\"url\":\"https:\\\/\\\/www.underpolo.com\\\/fr\\\/produit\\\/the-executive\\\/\",\"name\":\"The Executive - Underpolo\",\"isPartOf\":{\"@id\":\"https:\\\/\\\/www.underpolo.com\\\/fr\\\/#website\"},\"primaryImageOfPage\":{\"@id\":\"https:\\\/\\\/www.underpolo.com\\\/fr\\\/produit\\\/the-executive\\\/#primaryimage\"},\"image\":{\"@id\":\"https:\\\/\\\/www.underpolo.com\\\/fr\\\/produit\\\/the-executive\\\/#primaryimage\"},\"thumbnailUrl\":\"https:\\\/\\\/www.underpolo.com\\\/wp-content\\\/uploads\\\/2025\\\/06\\\/Executivekopie.png\",\"datePublished\":\"2025-06-10T08:11:32+00:00\",\"dateModified\":\"2026-01-22T14:00:13+00:00\",\"breadcrumb\":{\"@id\":\"https:\\\/\\\/www.underpolo.com\\\/fr\\\/produit\\\/the-executive\\\/#breadcrumb\"},\"inLanguage\":\"fr-FR\",\"potentialAction\":[{\"@type\":\"ReadAction\",\"target\":[\"https:\\\/\\\/www.underpolo.com\\\/fr\\\/produit\\\/the-executive\\\/\"]}]},{\"@type\":\"ImageObject\",\"inLanguage\":\"fr-FR\",\"@id\":\"https:\\\/\\\/www.underpolo.com\\\/fr\\\/produit\\\/the-executive\\\/#primaryimage\",\"url\":\"https:\\\/\\\/www.underpolo.com\\\/wp-content\\\/uploads\\\/2025\\\/06\\\/Executivekopie.png\",\"contentUrl\":\"https:\\\/\\\/www.underpolo.com\\\/wp-content\\\/uploads\\\/2025\\\/06\\\/Executivekopie.png\",\"width\":1055,\"height\":1459},{\"@type\":\"BreadcrumbList\",\"@id\":\"https:\\\/\\\/www.underpolo.com\\\/fr\\\/produit\\\/the-executive\\\/#breadcrumb\",\"itemListElement\":[{\"@type\":\"ListItem\",\"position\":1,\"name\":\"Home\",\"item\":\"https:\\\/\\\/www.underpolo.com\\\/fr\\\/\"},{\"@type\":\"ListItem\",\"position\":2,\"name\":\"Boutique\",\"item\":\"https:\\\/\\\/www.underpolo.com\\\/fr\\\/boutique\\\/\"},{\"@type\":\"ListItem\",\"position\":3,\"name\":\"The Executive\"}]},{\"@type\":\"WebSite\",\"@id\":\"https:\\\/\\\/www.underpolo.com\\\/fr\\\/#website\",\"url\":\"https:\\\/\\\/www.underpolo.com\\\/fr\\\/\",\"name\":\"Underpolo\",\"description\":\"\",\"publisher\":{\"@id\":\"https:\\\/\\\/www.underpolo.com\\\/fr\\\/#organization\"},\"potentialAction\":[{\"@type\":\"SearchAction\",\"target\":{\"@type\":\"EntryPoint\",\"urlTemplate\":\"https:\\\/\\\/www.underpolo.com\\\/fr\\\/?s={search_term_string}\"},\"query-input\":{\"@type\":\"PropertyValueSpecification\",\"valueRequired\":true,\"valueName\":\"search_term_string\"}}],\"inLanguage\":\"fr-FR\"},{\"@type\":\"Organization\",\"@id\":\"https:\\\/\\\/www.underpolo.com\\\/fr\\\/#organization\",\"name\":\"Underpolo\",\"url\":\"https:\\\/\\\/www.underpolo.com\\\/fr\\\/\",\"logo\":{\"@type\":\"ImageObject\",\"inLanguage\":\"fr-FR\",\"@id\":\"https:\\\/\\\/www.underpolo.com\\\/fr\\\/#\\\/schema\\\/logo\\\/image\\\/\",\"url\":\"https:\\\/\\\/www.underpolo.com\\\/wp-content\\\/uploads\\\/2025\\\/07\\\/logo-blue.png\",\"contentUrl\":\"https:\\\/\\\/www.underpolo.com\\\/wp-content\\\/uploads\\\/2025\\\/07\\\/logo-blue.png\",\"width\":600,\"height\":82,\"caption\":\"Underpolo\"},\"image\":{\"@id\":\"https:\\\/\\\/www.underpolo.com\\\/fr\\\/#\\\/schema\\\/logo\\\/image\\\/\"},\"sameAs\":[\"https:\\\/\\\/www.instagram.com\\\/underpolo_official\",\"https:\\\/\\\/www.tiktok.com\\\/@underpolo_official\",\"https:\\\/\\\/www.linkedin.com\\\/company\\\/underpolo\",\"https:\\\/\\\/www.youtube.com\\\/channel\\\/UC9GhYtuIQzTYgUUh3s01a4A\"]}]}<\/script>\n<!-- \/ Yoast SEO plugin. -->","yoast_head_json":{"title":"The Executive - Underpolo","robots":{"index":"index","follow":"follow","max-snippet":"max-snippet:-1","max-image-preview":"max-image-preview:large","max-video-preview":"max-video-preview:-1"},"canonical":"https:\/\/www.underpolo.com\/fr\/produit\/the-executive\/","og_locale":"fr_FR","og_type":"article","og_title":"The Executive - Underpolo","og_description":"The Executive allie \u00e9l\u00e9gance et domination dans une seule silhouette. Pour ceux pour qui minimalisme et puissance sont toujours de mise. &nbsp; Couleur noire. Dot\u00e9 d&rsquo;un col robuste mais confortable. Fabriqu\u00e9 en coton de haute qualit\u00e9 (97 %) et confectionn\u00e9 avec le plus grand soin et savoir-faire.","og_url":"https:\/\/www.underpolo.com\/fr\/produit\/the-executive\/","og_site_name":"Underpolo","article_modified_time":"2026-01-22T14:00:13+00:00","og_image":[{"width":1055,"height":1459,"url":"https:\/\/www.underpolo.com\/wp-content\/uploads\/2025\/06\/Executivekopie.png","type":"image\/png"}],"twitter_card":"summary_large_image","twitter_misc":{"Dur\u00e9e de lecture estim\u00e9e":"1 minute"},"schema":{"@context":"https:\/\/schema.org","@graph":[{"@type":"WebPage","@id":"https:\/\/www.underpolo.com\/fr\/produit\/the-executive\/","url":"https:\/\/www.underpolo.com\/fr\/produit\/the-executive\/","name":"The Executive - Underpolo","isPartOf":{"@id":"https:\/\/www.underpolo.com\/fr\/#website"},"primaryImageOfPage":{"@id":"https:\/\/www.underpolo.com\/fr\/produit\/the-executive\/#primaryimage"},"image":{"@id":"https:\/\/www.underpolo.com\/fr\/produit\/the-executive\/#primaryimage"},"thumbnailUrl":"https:\/\/www.underpolo.com\/wp-content\/uploads\/2025\/06\/Executivekopie.png","datePublished":"2025-06-10T08:11:32+00:00","dateModified":"2026-01-22T14:00:13+00:00","breadcrumb":{"@id":"https:\/\/www.underpolo.com\/fr\/produit\/the-executive\/#breadcrumb"},"inLanguage":"fr-FR","potentialAction":[{"@type":"ReadAction","target":["https:\/\/www.underpolo.com\/fr\/produit\/the-executive\/"]}]},{"@type":"ImageObject","inLanguage":"fr-FR","@id":"https:\/\/www.underpolo.com\/fr\/produit\/the-executive\/#primaryimage","url":"https:\/\/www.underpolo.com\/wp-content\/uploads\/2025\/06\/Executivekopie.png","contentUrl":"https:\/\/www.underpolo.com\/wp-content\/uploads\/2025\/06\/Executivekopie.png","width":1055,"height":1459},{"@type":"BreadcrumbList","@id":"https:\/\/www.underpolo.com\/fr\/produit\/the-executive\/#breadcrumb","itemListElement":[{"@type":"ListItem","position":1,"name":"Home","item":"https:\/\/www.underpolo.com\/fr\/"},{"@type":"ListItem","position":2,"name":"Boutique","item":"https:\/\/www.underpolo.com\/fr\/boutique\/"},{"@type":"ListItem","position":3,"name":"The Executive"}]},{"@type":"WebSite","@id":"https:\/\/www.underpolo.com\/fr\/#website","url":"https:\/\/www.underpolo.com\/fr\/","name":"Underpolo","description":"","publisher":{"@id":"https:\/\/www.underpolo.com\/fr\/#organization"},"potentialAction":[{"@type":"SearchAction","target":{"@type":"EntryPoint","urlTemplate":"https:\/\/www.underpolo.com\/fr\/?s={search_term_string}"},"query-input":{"@type":"PropertyValueSpecification","valueRequired":true,"valueName":"search_term_string"}}],"inLanguage":"fr-FR"},{"@type":"Organization","@id":"https:\/\/www.underpolo.com\/fr\/#organization","name":"Underpolo","url":"https:\/\/www.underpolo.com\/fr\/","logo":{"@type":"ImageObject","inLanguage":"fr-FR","@id":"https:\/\/www.underpolo.com\/fr\/#\/schema\/logo\/image\/","url":"https:\/\/www.underpolo.com\/wp-content\/uploads\/2025\/07\/logo-blue.png","contentUrl":"https:\/\/www.underpolo.com\/wp-content\/uploads\/2025\/07\/logo-blue.png","width":600,"height":82,"caption":"Underpolo"},"image":{"@id":"https:\/\/www.underpolo.com\/fr\/#\/schema\/logo\/image\/"},"sameAs":["https:\/\/www.instagram.com\/underpolo_official","https:\/\/www.tiktok.com\/@underpolo_official","https:\/\/www.linkedin.com\/company\/underpolo","https:\/\/www.youtube.com\/channel\/UC9GhYtuIQzTYgUUh3s01a4A"]}]}},"_links":{"self":[{"href":"https:\/\/www.underpolo.com\/fr\/wp-json\/wp\/v2\/product\/1116","targetHints":{"allow":["GET"]}}],"collection":[{"href":"https:\/\/www.underpolo.com\/fr\/wp-json\/wp\/v2\/product"}],"about":[{"href":"https:\/\/www.underpolo.com\/fr\/wp-json\/wp\/v2\/types\/product"}],"wp:featuredmedia":[{"embeddable":true,"href":"https:\/\/www.underpolo.com\/fr\/wp-json\/wp\/v2\/media\/1117"}],"wp:attachment":[{"href":"https:\/\/www.underpolo.com\/fr\/wp-json\/wp\/v2\/media?parent=1116"}],"wp:term":[{"taxonomy":"product_brand","embeddable":true,"href":"https:\/\/www.underpolo.com\/fr\/wp-json\/wp\/v2\/product_brand?post=1116"},{"taxonomy":"product_cat","embeddable":true,"href":"https:\/\/www.underpolo.com\/fr\/wp-json\/wp\/v2\/product_cat?post=1116"},{"taxonomy":"product_tag","embeddable":true,"href":"https:\/\/www.underpolo.com\/fr\/wp-json\/wp\/v2\/product_tag?post=1116"}],"curies":[{"name":"wp","href":"https:\/\/api.w.org\/{rel}","templated":true}]}}