{"id":946,"date":"2025-06-22T18:58:45","date_gmt":"2025-06-22T16:58:45","guid":{"rendered":"https:\/\/www.underpolo.com\/politique-relative-aux-cookies\/"},"modified":"2025-06-22T18:58:45","modified_gmt":"2025-06-22T16:58:45","slug":"politique-relative-aux-cookies","status":"publish","type":"page","link":"https:\/\/www.underpolo.com\/fr\/politique-relative-aux-cookies\/","title":{"rendered":"Politique relative aux cookies"},"content":{"rendered":"<p><strong>Que sont les cookies&nbsp;?<\/strong><\/p>\n<p>Nous et nos fournisseurs de services utilisons des cookies et des technologies de suivi similaires (ci-apr\u00e8s d\u00e9nomm\u00e9s \u00ab&nbsp;cookies&nbsp;\u00bb) pour suivre les activit\u00e9s sur notre service et stocker certaines informations. Nous utilisons des technologies de suivi telles que des balises web, des tags et des scripts pour collecter, suivre et am\u00e9liorer et analyser notre service. <\/p>\n<p>L\u2019utilisation de cookies est s\u00fbre. Par exemple, aucune adresse e-mail ni aucun num\u00e9ro de t\u00e9l\u00e9phone ne sont stock\u00e9s dans les cookies. <\/p>\n<p>Nous pouvons utiliser les technologies suivantes&nbsp;:<\/p>\n<ul>\n<li><strong>Cookies.<\/strong>  Un cookie est un petit fichier plac\u00e9 sur votre appareil. Vous pouvez configurer votre navigateur pour qu\u2019il n\u2019accepte pas les cookies ou qu\u2019il indique quand un cookie est envoy\u00e9. Toutefois, si vous n\u2019acceptez pas les cookies, vous ne pourrez peut-\u00eatre pas utiliser certaines parties de notre service. \u00c0 moins que vous n\u2019ayez modifi\u00e9 les param\u00e8tres de votre navigateur pour refuser les cookies, notre service peut utiliser des cookies. Les cookies peuvent \u00eatre des cookies permanents ou des cookies de session. Les cookies permanents restent sur votre ordinateur ou votre appareil mobile lorsque vous vous d\u00e9connectez, tandis que les cookies de session sont supprim\u00e9s d\u00e8s que vous fermez votre navigateur web. Certains cookies sont essentiels (par exemple, pour suivre votre session ou votre panier d\u2019achat) et certains cookies sont l\u00e0 pour am\u00e9liorer votre exp\u00e9rience. Parfois, nous utilisons \u00e9galement des cookies pour tester de nouvelles pages ou fonctionnalit\u00e9s sur le site web, afin de voir comment nos utilisateurs y r\u00e9agissent.       <\/li>\n<li><strong>Balises web.<\/strong>  Certaines parties de notre service et de nos e-mails peuvent contenir de petits fichiers \u00e9lectroniques connus sous le nom de balises web (\u00e9galement appel\u00e9es GIF invisibles, pixels espions et GIF \u00e0 pixel unique). Ces fichiers nous permettent, par exemple, de compter le nombre d\u2019utilisateurs qui ont visit\u00e9 ces pages ou ouvert un e-mail, et de collecter d\u2019autres statistiques connexes sur le site web (par exemple, pour d\u00e9terminer la popularit\u00e9 d\u2019une section particuli\u00e8re et contr\u00f4ler l\u2019int\u00e9grit\u00e9 du syst\u00e8me et du serveur). <\/li>\n<\/ul>\n<p>Cette page d\u00e9crit quelles informations ils collectent, comment nous les utilisons et pourquoi nous devons parfois stocker ces cookies. Nous vous expliquerons \u00e9galement comment vous pouvez emp\u00eacher l\u2019enregistrement de ces cookies, mais veuillez noter que cela peut affecter le fonctionnement de certaines parties du site web. <\/p>\n<p>En raison de la fa\u00e7on dont Internet et les sites web fonctionnent, nous n\u2019avons pas toujours un aper\u00e7u des cookies que des tiers placent via notre site web.<\/p>\n<p>Vous pouvez supprimer les cookies via les param\u00e8tres de votre navigateur.<\/p>\n<p><strong>Qui place des cookies&nbsp;?<\/strong><\/p>\n<p>Il existe deux types de cookies&nbsp;:<\/p>\n<ul>\n<li>Cookies de premi\u00e8re partie&nbsp;: ces cookies sont plac\u00e9s et lus par Underpolo sur tous nos domaines de site web.<\/li>\n<li>Cookies tiers&nbsp;: ces cookies sont plac\u00e9s par d\u2019autres entreprises qui fournissent des services \u00e0 Underpolo en tant que sous-traitant de donn\u00e9es, telles que Exact, VWO ou Google Analytics. Vous trouverez ci-dessous un aper\u00e7u complet des cookies. <\/li>\n<\/ul>\n<p><strong>Comment Underpolo utilise-t-il les cookies&nbsp;?<\/strong><\/p>\n<p>Nous utilisons \u00e0 la fois des cookies de session et des cookies permanents aux fins d\u00e9crites ci-dessous.<\/p>\n<p><strong>Cookies n\u00e9cessaires<\/strong><\/p>\n<ul>\n<li>Cookies li\u00e9s au compte. Si vous cr\u00e9ez un compte chez nous, nous utilisons des cookies pour g\u00e9rer le processus de connexion et l\u2019administration g\u00e9n\u00e9rale. Ces cookies sont g\u00e9n\u00e9ralement supprim\u00e9s lorsque vous vous d\u00e9connectez, mais dans certains cas, ils peuvent continuer \u00e0 exister apr\u00e8s la d\u00e9connexion pour m\u00e9moriser vos pr\u00e9f\u00e9rences.  <\/li>\n<li>Cookies de connexion. Nous utilisons des cookies lorsque vous \u00eates connect\u00e9, afin que nous puissions nous en souvenir. Cela vous \u00e9vite de devoir vous reconnecter \u00e0 chaque fois que vous visitez une nouvelle page. Ces cookies sont g\u00e9n\u00e9ralement supprim\u00e9s ou effac\u00e9s lorsque vous vous d\u00e9connectez afin de garantir que vous n\u2019avez acc\u00e8s qu\u2019\u00e0 des fonctions et parties limit\u00e9es lorsque vous \u00eates connect\u00e9.   <\/li>\n<li>Cookies pour le traitement des commandes. Pour nos abonnements, nos fonctions de commerce \u00e9lectronique ou de paiement, certains cookies sont essentiels pour garantir que votre panier et\/ou votre commande sont m\u00e9moris\u00e9s entre les pages, afin que nous puissions les traiter correctement. <\/li>\n<li>Cookies pour l\u2019acceptation des notifications. Ces cookies contiennent les pr\u00e9f\u00e9rences de cookies que vous avez s\u00e9lectionn\u00e9es sur notre site, afin que nous puissions voir et respecter vos pr\u00e9f\u00e9rences. <\/li>\n<li>De temps en temps, nous utilisons des cookies pour tester de nouvelles fonctionnalit\u00e9s (tests A\/B) et apporter de petites modifications \u00e0 la fa\u00e7on dont le site est affich\u00e9. Pendant les tests, ces cookies garantissent que vous avez une exp\u00e9rience coh\u00e9rente sur notre site web, tandis que nous \u00e9tudions quelles am\u00e9liorations nos utilisateurs appr\u00e9cient le plus. <\/li>\n<\/ul>\n<p><strong>Cookies fonctionnels<\/strong><\/p>\n<ul>\n<li>Cookies pour les formulaires. Lorsque vous soumettez des donn\u00e9es via un formulaire, tel qu\u2019un formulaire de contact ou de commentaire, des cookies peuvent \u00eatre plac\u00e9s pour m\u00e9moriser vos donn\u00e9es d\u2019utilisateur pour de futures communications. <\/li>\n<li>Cookies pour le stockage temporaire de donn\u00e9es. Ces cookies aident \u00e0 transmettre des informations d\u2019une page \u00e0 l\u2019autre, afin que vous n\u2019ayez pas \u00e0 saisir les m\u00eames donn\u00e9es \u00e0 chaque fois. <\/li>\n<li>Cookies pour le chat en direct. Ces cookies enregistrent les conversations de chat en direct, afin que vous puissiez consulter votre historique de chat lorsque vous revenez sur notre site web. <\/li>\n<li>Cookies de liste de souhaits. Ces cookies conservent les produits\/pages que vous avez ajout\u00e9s \u00e0 votre liste de souhaits. <\/li>\n<li>Cookies pour les pr\u00e9f\u00e9rences du site. Vous pouvez d\u00e9finir vos pr\u00e9f\u00e9rences pour le fonctionnement du site pour une exp\u00e9rience optimale. Pour m\u00e9moriser vos pr\u00e9f\u00e9rences, nous utilisons des cookies qui sont appel\u00e9s lorsque vous utilisez des pages qui sont affect\u00e9es par vos pr\u00e9f\u00e9rences.  <\/li>\n<\/ul>\n<p><strong>Cookies analytiques<\/strong><\/p>\n<ul>\n<li>Nous utilisons l\u2019analyse de site web pour comprendre comment vous utilisez le site et d\u00e9couvrir des moyens d\u2019am\u00e9liorer votre exp\u00e9rience. Ces cookies suivent, par exemple, la dur\u00e9e de votre visite sur le site web et les pages que vous visitez, afin que nous puissions continuer \u00e0 produire un contenu attrayant. <\/li>\n<li>Nous utilisons des services d\u2019analyse externes (par exemple, Google Analytics) pour suivre et mesurer l\u2019utilisation de ce site, afin que nous puissions continuer \u00e0 produire un contenu attrayant. Ces cookies peuvent, par exemple, suivre la dur\u00e9e de votre visite sur le site ou les pages que vous visitez, ce qui nous aide \u00e0 comprendre comment nous pouvons am\u00e9liorer le site pour vous. <\/li>\n<li>\u00c9tant donn\u00e9 que nous vendons des produits, il est important pour nous de savoir combien de visiteurs de notre site effectuent r\u00e9ellement un achat. Ces cookies suivent ces donn\u00e9es. C\u2019est important, car cela nous aide \u00e0 faire des pr\u00e9visions commerciales pr\u00e9cises, ce qui nous permet de suivre nos co\u00fbts de publicit\u00e9 et de produits et d\u2019offrir le meilleur prix possible.  <\/li>\n<\/ul>\n<p><strong>Cookies marketing<\/strong><\/p>\n<ul>\n<li>Les cookies marketing sont utilis\u00e9s pour suivre les visiteurs sur diff\u00e9rents sites web. Le but est d\u2019afficher des publicit\u00e9s qui sont pertinentes et int\u00e9ressantes pour l\u2019utilisateur individuel, et donc plus pr\u00e9cieuses pour les \u00e9diteurs et les annonceurs externes. Ces cookies sont utilis\u00e9s pour adapter le contenu et les publicit\u00e9s \u00e0 votre comportement de navigation. Ces donn\u00e9es sont stock\u00e9es de mani\u00e8re personnalis\u00e9e dans une base de donn\u00e9es. Nous utilisons ces cookies, par exemple, pour am\u00e9liorer la conception de notre site web, am\u00e9liorer l\u2019exp\u00e9rience utilisateur et pour le remarketing.    <strong> <\/strong><\/li>\n<\/ul>\n<p><strong>Puis-je d\u00e9sactiver les cookies&nbsp;?<\/strong><\/p>\n<p>Vous pouvez emp\u00eacher le placement de cookies en modifiant les param\u00e8tres de votre navigateur. Consultez la page d\u2019aide de votre navigateur pour savoir comment faire&nbsp;: <\/p>\n<ul>\n<li>Chrome&nbsp;: https:\/\/support.google.com\/chrome\/answer\/95647<\/li>\n<li>Internet Explorer&nbsp;: https:\/\/support.microsoft.com\/en-us\/help\/17442\/windows-internet-explorer-delete-manage-cookies<\/li>\n<li>Edge&nbsp;: https:\/\/support.microsoft.com\/en-us\/microsoft-edge\/delete-cookies-in-microsoft-edge-63947406-40ac-c3b8-57b9-2a946a29ae09<\/li>\n<li>Safari&nbsp;: https:\/\/support.apple.com\/guide\/safari\/manage-cookies-and-website-data-sfri11471\/mac<\/li>\n<li>Firefox&nbsp;: https:\/\/support.mozilla.org\/en-US\/kb\/cookies-information-websites-store-on-your-computer<\/li>\n<li>Opera&nbsp;: https:\/\/help.opera.com\/en\/latest\/web-preferences\/#cookies<\/li>\n<\/ul>\n<p>Attention, si vous d\u00e9sactivez les cookies, cela peut entra\u00eener la perte de certaines fonctionnalit\u00e9s sur le site web. Il est donc recommand\u00e9 de laisser tous les cookies activ\u00e9s si vous n\u2019\u00eates pas s\u00fbr d\u2019en avoir besoin ou non. Certains cookies peuvent en effet \u00eatre utilis\u00e9s pour offrir des fonctionnalit\u00e9s que vous utilisez.  <strong> <\/strong><\/p>\n<p><strong>Plus d\u2019informations<\/strong><\/p>\n<p>Nous esp\u00e9rons que cette page vous a donn\u00e9 une meilleure compr\u00e9hension de ce que sont les cookies et de la fa\u00e7on dont Underpolo les utilise. Si vous souhaitez en savoir plus, vous pouvez nous contacter via info@underpolo.com. <\/p>\n<p>Nous modifierons cette politique relative aux cookies de temps \u00e0 autre, par exemple en relation avec des modifications de notre site web ou de la r\u00e9glementation sur les cookies. Nous pouvons modifier le contenu de cette page et les cookies qui figurent dans les listes \u00e0 tout moment et sans pr\u00e9avis. Vous pouvez consulter cette page web pour la version la plus r\u00e9cente.  <\/p>\n<p>Votre consentement s\u2019applique \u00e0 tous nos (sous-)domaines.<\/p>\n<p>Derni\u00e8re mise \u00e0 jour&nbsp;: 30-05-2025.<\/p>\n","protected":false},"excerpt":{"rendered":"<p>Que sont les cookies&nbsp;? Nous et nos fournisseurs de services utilisons des cookies et des technologies de suivi similaires (ci-apr\u00e8s d\u00e9nomm\u00e9s \u00ab&nbsp;cookies&nbsp;\u00bb) pour suivre les activit\u00e9s sur notre service et stocker certaines informations. Nous utilisons des technologies de suivi telles que des balises web, des tags et des scripts pour collecter, suivre et am\u00e9liorer et [&hellip;]<\/p>\n","protected":false},"author":1,"featured_media":0,"parent":0,"menu_order":0,"comment_status":"closed","ping_status":"closed","template":"","meta":{"_acf_changed":false,"footnotes":""},"class_list":["post-946","page","type-page","status-publish","hentry"],"acf":[],"yoast_head":"<!-- This site is optimized with the Yoast SEO plugin v27.5 - https:\/\/yoast.com\/product\/yoast-seo-wordpress\/ -->\n<title>Politique relative aux cookies - Underpolo<\/title>\n<meta name=\"robots\" content=\"index, follow, max-snippet:-1, max-image-preview:large, max-video-preview:-1\" \/>\n<link rel=\"canonical\" href=\"https:\/\/www.underpolo.com\/fr\/politique-relative-aux-cookies\/\" \/>\n<meta property=\"og:locale\" content=\"fr_FR\" \/>\n<meta property=\"og:type\" content=\"article\" \/>\n<meta property=\"og:title\" content=\"Politique relative aux cookies - Underpolo\" \/>\n<meta property=\"og:description\" content=\"Que sont les cookies&nbsp;? Nous et nos fournisseurs de services utilisons des cookies et des technologies de suivi similaires (ci-apr\u00e8s d\u00e9nomm\u00e9s \u00ab&nbsp;cookies&nbsp;\u00bb) pour suivre les activit\u00e9s sur notre service et stocker certaines informations. Nous utilisons des technologies de suivi telles que des balises web, des tags et des scripts pour collecter, suivre et am\u00e9liorer et [&hellip;]\" \/>\n<meta property=\"og:url\" content=\"https:\/\/www.underpolo.com\/fr\/politique-relative-aux-cookies\/\" \/>\n<meta property=\"og:site_name\" content=\"Underpolo\" \/>\n<meta name=\"twitter:card\" content=\"summary_large_image\" \/>\n<meta name=\"twitter:label1\" content=\"Dur\u00e9e de lecture estim\u00e9e\" \/>\n\t<meta name=\"twitter:data1\" content=\"8 minutes\" \/>\n<script type=\"application\/ld+json\" class=\"yoast-schema-graph\">{\"@context\":\"https:\\\/\\\/schema.org\",\"@graph\":[{\"@type\":\"WebPage\",\"@id\":\"https:\\\/\\\/www.underpolo.com\\\/fr\\\/politique-relative-aux-cookies\\\/\",\"url\":\"https:\\\/\\\/www.underpolo.com\\\/fr\\\/politique-relative-aux-cookies\\\/\",\"name\":\"Politique relative aux cookies - Underpolo\",\"isPartOf\":{\"@id\":\"https:\\\/\\\/www.underpolo.com\\\/fr\\\/#website\"},\"datePublished\":\"2025-06-22T16:58:45+00:00\",\"breadcrumb\":{\"@id\":\"https:\\\/\\\/www.underpolo.com\\\/fr\\\/politique-relative-aux-cookies\\\/#breadcrumb\"},\"inLanguage\":\"fr-FR\",\"potentialAction\":[{\"@type\":\"ReadAction\",\"target\":[\"https:\\\/\\\/www.underpolo.com\\\/fr\\\/politique-relative-aux-cookies\\\/\"]}]},{\"@type\":\"BreadcrumbList\",\"@id\":\"https:\\\/\\\/www.underpolo.com\\\/fr\\\/politique-relative-aux-cookies\\\/#breadcrumb\",\"itemListElement\":[{\"@type\":\"ListItem\",\"position\":1,\"name\":\"Home\",\"item\":\"https:\\\/\\\/www.underpolo.com\\\/fr\\\/\"},{\"@type\":\"ListItem\",\"position\":2,\"name\":\"Politique relative aux cookies\"}]},{\"@type\":\"WebSite\",\"@id\":\"https:\\\/\\\/www.underpolo.com\\\/fr\\\/#website\",\"url\":\"https:\\\/\\\/www.underpolo.com\\\/fr\\\/\",\"name\":\"Underpolo\",\"description\":\"\",\"publisher\":{\"@id\":\"https:\\\/\\\/www.underpolo.com\\\/fr\\\/#organization\"},\"potentialAction\":[{\"@type\":\"SearchAction\",\"target\":{\"@type\":\"EntryPoint\",\"urlTemplate\":\"https:\\\/\\\/www.underpolo.com\\\/fr\\\/?s={search_term_string}\"},\"query-input\":{\"@type\":\"PropertyValueSpecification\",\"valueRequired\":true,\"valueName\":\"search_term_string\"}}],\"inLanguage\":\"fr-FR\"},{\"@type\":\"Organization\",\"@id\":\"https:\\\/\\\/www.underpolo.com\\\/fr\\\/#organization\",\"name\":\"Underpolo\",\"url\":\"https:\\\/\\\/www.underpolo.com\\\/fr\\\/\",\"logo\":{\"@type\":\"ImageObject\",\"inLanguage\":\"fr-FR\",\"@id\":\"https:\\\/\\\/www.underpolo.com\\\/fr\\\/#\\\/schema\\\/logo\\\/image\\\/\",\"url\":\"https:\\\/\\\/www.underpolo.com\\\/wp-content\\\/uploads\\\/2025\\\/07\\\/logo-blue.png\",\"contentUrl\":\"https:\\\/\\\/www.underpolo.com\\\/wp-content\\\/uploads\\\/2025\\\/07\\\/logo-blue.png\",\"width\":600,\"height\":82,\"caption\":\"Underpolo\"},\"image\":{\"@id\":\"https:\\\/\\\/www.underpolo.com\\\/fr\\\/#\\\/schema\\\/logo\\\/image\\\/\"},\"sameAs\":[\"https:\\\/\\\/www.instagram.com\\\/underpolo_official\",\"https:\\\/\\\/www.tiktok.com\\\/@underpolo_official\",\"https:\\\/\\\/www.linkedin.com\\\/company\\\/underpolo\",\"https:\\\/\\\/www.youtube.com\\\/channel\\\/UC9GhYtuIQzTYgUUh3s01a4A\"]}]}<\/script>\n<!-- \/ Yoast SEO plugin. -->","yoast_head_json":{"title":"Politique relative aux cookies - Underpolo","robots":{"index":"index","follow":"follow","max-snippet":"max-snippet:-1","max-image-preview":"max-image-preview:large","max-video-preview":"max-video-preview:-1"},"canonical":"https:\/\/www.underpolo.com\/fr\/politique-relative-aux-cookies\/","og_locale":"fr_FR","og_type":"article","og_title":"Politique relative aux cookies - Underpolo","og_description":"Que sont les cookies&nbsp;? Nous et nos fournisseurs de services utilisons des cookies et des technologies de suivi similaires (ci-apr\u00e8s d\u00e9nomm\u00e9s \u00ab&nbsp;cookies&nbsp;\u00bb) pour suivre les activit\u00e9s sur notre service et stocker certaines informations. Nous utilisons des technologies de suivi telles que des balises web, des tags et des scripts pour collecter, suivre et am\u00e9liorer et [&hellip;]","og_url":"https:\/\/www.underpolo.com\/fr\/politique-relative-aux-cookies\/","og_site_name":"Underpolo","twitter_card":"summary_large_image","twitter_misc":{"Dur\u00e9e de lecture estim\u00e9e":"8 minutes"},"schema":{"@context":"https:\/\/schema.org","@graph":[{"@type":"WebPage","@id":"https:\/\/www.underpolo.com\/fr\/politique-relative-aux-cookies\/","url":"https:\/\/www.underpolo.com\/fr\/politique-relative-aux-cookies\/","name":"Politique relative aux cookies - Underpolo","isPartOf":{"@id":"https:\/\/www.underpolo.com\/fr\/#website"},"datePublished":"2025-06-22T16:58:45+00:00","breadcrumb":{"@id":"https:\/\/www.underpolo.com\/fr\/politique-relative-aux-cookies\/#breadcrumb"},"inLanguage":"fr-FR","potentialAction":[{"@type":"ReadAction","target":["https:\/\/www.underpolo.com\/fr\/politique-relative-aux-cookies\/"]}]},{"@type":"BreadcrumbList","@id":"https:\/\/www.underpolo.com\/fr\/politique-relative-aux-cookies\/#breadcrumb","itemListElement":[{"@type":"ListItem","position":1,"name":"Home","item":"https:\/\/www.underpolo.com\/fr\/"},{"@type":"ListItem","position":2,"name":"Politique relative aux cookies"}]},{"@type":"WebSite","@id":"https:\/\/www.underpolo.com\/fr\/#website","url":"https:\/\/www.underpolo.com\/fr\/","name":"Underpolo","description":"","publisher":{"@id":"https:\/\/www.underpolo.com\/fr\/#organization"},"potentialAction":[{"@type":"SearchAction","target":{"@type":"EntryPoint","urlTemplate":"https:\/\/www.underpolo.com\/fr\/?s={search_term_string}"},"query-input":{"@type":"PropertyValueSpecification","valueRequired":true,"valueName":"search_term_string"}}],"inLanguage":"fr-FR"},{"@type":"Organization","@id":"https:\/\/www.underpolo.com\/fr\/#organization","name":"Underpolo","url":"https:\/\/www.underpolo.com\/fr\/","logo":{"@type":"ImageObject","inLanguage":"fr-FR","@id":"https:\/\/www.underpolo.com\/fr\/#\/schema\/logo\/image\/","url":"https:\/\/www.underpolo.com\/wp-content\/uploads\/2025\/07\/logo-blue.png","contentUrl":"https:\/\/www.underpolo.com\/wp-content\/uploads\/2025\/07\/logo-blue.png","width":600,"height":82,"caption":"Underpolo"},"image":{"@id":"https:\/\/www.underpolo.com\/fr\/#\/schema\/logo\/image\/"},"sameAs":["https:\/\/www.instagram.com\/underpolo_official","https:\/\/www.tiktok.com\/@underpolo_official","https:\/\/www.linkedin.com\/company\/underpolo","https:\/\/www.youtube.com\/channel\/UC9GhYtuIQzTYgUUh3s01a4A"]}]}},"_links":{"self":[{"href":"https:\/\/www.underpolo.com\/fr\/wp-json\/wp\/v2\/pages\/946","targetHints":{"allow":["GET"]}}],"collection":[{"href":"https:\/\/www.underpolo.com\/fr\/wp-json\/wp\/v2\/pages"}],"about":[{"href":"https:\/\/www.underpolo.com\/fr\/wp-json\/wp\/v2\/types\/page"}],"author":[{"embeddable":true,"href":"https:\/\/www.underpolo.com\/fr\/wp-json\/wp\/v2\/users\/1"}],"replies":[{"embeddable":true,"href":"https:\/\/www.underpolo.com\/fr\/wp-json\/wp\/v2\/comments?post=946"}],"version-history":[{"count":0,"href":"https:\/\/www.underpolo.com\/fr\/wp-json\/wp\/v2\/pages\/946\/revisions"}],"wp:attachment":[{"href":"https:\/\/www.underpolo.com\/fr\/wp-json\/wp\/v2\/media?parent=946"}],"curies":[{"name":"wp","href":"https:\/\/api.w.org\/{rel}","templated":true}]}}