{"id":1183,"date":"2025-06-03T11:44:09","date_gmt":"2025-06-03T09:44:09","guid":{"rendered":"https:\/\/www.underpolo.com\/echanges-et-retours\/"},"modified":"2025-06-03T11:44:09","modified_gmt":"2025-06-03T09:44:09","slug":"echanges-et-retours","status":"publish","type":"page","link":"https:\/\/www.underpolo.com\/fr\/echanges-et-retours\/","title":{"rendered":"\u00c9changes et retours"},"content":{"rendered":"<p>1. Conform\u00e9ment \u00e0 la loi, vous disposez d&rsquo;un d\u00e9lai de 14 jours apr\u00e8s r\u00e9ception du produit pour r\u00e9voquer votre accord avec Underpolo, sans indication de motif.<\/p>\n<p>2. Pour exercer le droit de r\u00e9tractation, vous devez nous informer de votre d\u00e9cision de r\u00e9voquer le contrat en nous envoyant une d\u00e9claration (par exemple, une lettre envoy\u00e9e par la poste ou par e-mail). Vous pouvez utiliser notre <a href=\"\/wp-content\/uploads\/2025\/06\/Modelformulier-voor-herroeping-Underpolo.pdf\" target=\"_blank\" rel=\"noopener\">formulaire type<\/a> de r\u00e9tractation. Il est \u00e9galement possible de r\u00e9voquer partiellement le contrat. Pour respecter le d\u00e9lai de r\u00e9tractation, il suffit que vous envoyiez votre notification d&rsquo;exercice du droit de r\u00e9tractation avant l&rsquo;expiration du d\u00e9lai de r\u00e9tractation.   <\/p>\n<p>3. Le droit de r\u00e9tractation ne s&rsquo;applique pas aux biens scell\u00e9s qui ne peuvent \u00eatre retourn\u00e9s pour des raisons de protection de la sant\u00e9 ou d&rsquo;hygi\u00e8ne et dont le sceau a \u00e9t\u00e9 bris\u00e9 apr\u00e8s la livraison.<\/p>\n<p>4. Apr\u00e8s la r\u00e9siliation du contrat, vous devez retourner le produit d\u00e8s que possible, mais au plus tard dans les 30 jours suivant la r\u00e9ception de tous les produits de votre commande, \u00e0 l&rsquo;adresse d&rsquo;Underpolo indiqu\u00e9e sur l&rsquo;\u00e9tiquette d&rsquo;exp\u00e9dition que vous avez re\u00e7ue par e-mail.<\/p>\n<p>5. Vous pouvez essayer nos produits dans la mesure o\u00f9 cela est n\u00e9cessaire pour effectuer un achat, comme vous le feriez dans un vrai magasin. Veuillez vous assurer que les \u00e9tiquettes sont toujours attach\u00e9es et que l&#8217;emballage d&rsquo;origine n&rsquo;est pas endommag\u00e9 lors du retour. Pour les produits incomplets, endommag\u00e9s ou lav\u00e9s, dont les \u00e9tiquettes ont \u00e9t\u00e9 retir\u00e9es ou qui pr\u00e9sentent d&rsquo;autres signes d&rsquo;usure, Underpolo devra d\u00e9duire cette d\u00e9pr\u00e9ciation du montant total qui vous sera rembours\u00e9. Seul Underpolo est habilit\u00e9 \u00e0 d\u00e9terminer la d\u00e9pr\u00e9ciation.   <\/p>\n<p>6. Underpolo remboursera le montant pay\u00e9, y compris les frais d&rsquo;exp\u00e9dition, dans les 14 jours suivant la r\u00e9ception du ou des produits retourn\u00e9s. En cas d&rsquo;annulation partielle, nous ne remboursons que le co\u00fbt du produit retourn\u00e9. Nous vous rembourserons en utilisant le m\u00eame mode de paiement que celui que vous avez utilis\u00e9 pour effectuer le paiement initial. En cas de retour apr\u00e8s les 14 jours mais dans les 30 jours, vous serez rembours\u00e9 du montant pay\u00e9 moins les frais d&rsquo;exp\u00e9dition.   <\/p>\n<p>7. Les frais de retour aux Pays-Bas, en Belgique et en Allemagne sont de 6,50 \u20ac via l&rsquo;\u00e9tiquette d&rsquo;exp\u00e9dition que vous recevez de notre part. Si vous choisissez une option de retour plus co\u00fbteuse que la m\u00e9thode de livraison standard d&rsquo;Underpolo, ces frais suppl\u00e9mentaires ne seront pas rembours\u00e9s. <\/p>\n","protected":false},"excerpt":{"rendered":"<p>1. Conform\u00e9ment \u00e0 la loi, vous disposez d&rsquo;un d\u00e9lai de 14 jours apr\u00e8s r\u00e9ception du produit pour r\u00e9voquer votre accord avec Underpolo, sans indication de motif. 2. Pour exercer le droit de r\u00e9tractation, vous devez nous informer de votre d\u00e9cision de r\u00e9voquer le contrat en nous envoyant une d\u00e9claration (par exemple, une lettre envoy\u00e9e par [&hellip;]<\/p>\n","protected":false},"author":1,"featured_media":0,"parent":0,"menu_order":0,"comment_status":"closed","ping_status":"closed","template":"","meta":{"_acf_changed":false,"footnotes":""},"class_list":["post-1183","page","type-page","status-publish","hentry"],"acf":[],"yoast_head":"<!-- This site is optimized with the Yoast SEO plugin v27.5 - https:\/\/yoast.com\/product\/yoast-seo-wordpress\/ -->\n<title>\u00c9changes et retours - Underpolo<\/title>\n<meta name=\"robots\" content=\"index, follow, max-snippet:-1, max-image-preview:large, max-video-preview:-1\" \/>\n<link rel=\"canonical\" href=\"https:\/\/www.underpolo.com\/fr\/echanges-et-retours\/\" \/>\n<meta property=\"og:locale\" content=\"fr_FR\" \/>\n<meta property=\"og:type\" content=\"article\" \/>\n<meta property=\"og:title\" content=\"\u00c9changes et retours - Underpolo\" \/>\n<meta property=\"og:description\" content=\"1. Conform\u00e9ment \u00e0 la loi, vous disposez d&rsquo;un d\u00e9lai de 14 jours apr\u00e8s r\u00e9ception du produit pour r\u00e9voquer votre accord avec Underpolo, sans indication de motif. 2. Pour exercer le droit de r\u00e9tractation, vous devez nous informer de votre d\u00e9cision de r\u00e9voquer le contrat en nous envoyant une d\u00e9claration (par exemple, une lettre envoy\u00e9e par [&hellip;]\" \/>\n<meta property=\"og:url\" content=\"https:\/\/www.underpolo.com\/fr\/echanges-et-retours\/\" \/>\n<meta property=\"og:site_name\" content=\"Underpolo\" \/>\n<meta name=\"twitter:card\" content=\"summary_large_image\" \/>\n<meta name=\"twitter:label1\" content=\"Dur\u00e9e de lecture estim\u00e9e\" \/>\n\t<meta name=\"twitter:data1\" content=\"2 minutes\" \/>\n<script type=\"application\/ld+json\" class=\"yoast-schema-graph\">{\"@context\":\"https:\\\/\\\/schema.org\",\"@graph\":[{\"@type\":\"WebPage\",\"@id\":\"https:\\\/\\\/www.underpolo.com\\\/fr\\\/echanges-et-retours\\\/\",\"url\":\"https:\\\/\\\/www.underpolo.com\\\/fr\\\/echanges-et-retours\\\/\",\"name\":\"\u00c9changes et retours - Underpolo\",\"isPartOf\":{\"@id\":\"https:\\\/\\\/www.underpolo.com\\\/fr\\\/#website\"},\"datePublished\":\"2025-06-03T09:44:09+00:00\",\"breadcrumb\":{\"@id\":\"https:\\\/\\\/www.underpolo.com\\\/fr\\\/echanges-et-retours\\\/#breadcrumb\"},\"inLanguage\":\"fr-FR\",\"potentialAction\":[{\"@type\":\"ReadAction\",\"target\":[\"https:\\\/\\\/www.underpolo.com\\\/fr\\\/echanges-et-retours\\\/\"]}]},{\"@type\":\"BreadcrumbList\",\"@id\":\"https:\\\/\\\/www.underpolo.com\\\/fr\\\/echanges-et-retours\\\/#breadcrumb\",\"itemListElement\":[{\"@type\":\"ListItem\",\"position\":1,\"name\":\"Home\",\"item\":\"https:\\\/\\\/www.underpolo.com\\\/fr\\\/\"},{\"@type\":\"ListItem\",\"position\":2,\"name\":\"\u00c9changes et retours\"}]},{\"@type\":\"WebSite\",\"@id\":\"https:\\\/\\\/www.underpolo.com\\\/fr\\\/#website\",\"url\":\"https:\\\/\\\/www.underpolo.com\\\/fr\\\/\",\"name\":\"Underpolo\",\"description\":\"\",\"publisher\":{\"@id\":\"https:\\\/\\\/www.underpolo.com\\\/fr\\\/#organization\"},\"potentialAction\":[{\"@type\":\"SearchAction\",\"target\":{\"@type\":\"EntryPoint\",\"urlTemplate\":\"https:\\\/\\\/www.underpolo.com\\\/fr\\\/?s={search_term_string}\"},\"query-input\":{\"@type\":\"PropertyValueSpecification\",\"valueRequired\":true,\"valueName\":\"search_term_string\"}}],\"inLanguage\":\"fr-FR\"},{\"@type\":\"Organization\",\"@id\":\"https:\\\/\\\/www.underpolo.com\\\/fr\\\/#organization\",\"name\":\"Underpolo\",\"url\":\"https:\\\/\\\/www.underpolo.com\\\/fr\\\/\",\"logo\":{\"@type\":\"ImageObject\",\"inLanguage\":\"fr-FR\",\"@id\":\"https:\\\/\\\/www.underpolo.com\\\/fr\\\/#\\\/schema\\\/logo\\\/image\\\/\",\"url\":\"https:\\\/\\\/www.underpolo.com\\\/wp-content\\\/uploads\\\/2025\\\/07\\\/logo-blue.png\",\"contentUrl\":\"https:\\\/\\\/www.underpolo.com\\\/wp-content\\\/uploads\\\/2025\\\/07\\\/logo-blue.png\",\"width\":600,\"height\":82,\"caption\":\"Underpolo\"},\"image\":{\"@id\":\"https:\\\/\\\/www.underpolo.com\\\/fr\\\/#\\\/schema\\\/logo\\\/image\\\/\"},\"sameAs\":[\"https:\\\/\\\/www.instagram.com\\\/underpolo_official\",\"https:\\\/\\\/www.tiktok.com\\\/@underpolo_official\",\"https:\\\/\\\/www.linkedin.com\\\/company\\\/underpolo\",\"https:\\\/\\\/www.youtube.com\\\/channel\\\/UC9GhYtuIQzTYgUUh3s01a4A\"]}]}<\/script>\n<!-- \/ Yoast SEO plugin. -->","yoast_head_json":{"title":"\u00c9changes et retours - Underpolo","robots":{"index":"index","follow":"follow","max-snippet":"max-snippet:-1","max-image-preview":"max-image-preview:large","max-video-preview":"max-video-preview:-1"},"canonical":"https:\/\/www.underpolo.com\/fr\/echanges-et-retours\/","og_locale":"fr_FR","og_type":"article","og_title":"\u00c9changes et retours - Underpolo","og_description":"1. Conform\u00e9ment \u00e0 la loi, vous disposez d&rsquo;un d\u00e9lai de 14 jours apr\u00e8s r\u00e9ception du produit pour r\u00e9voquer votre accord avec Underpolo, sans indication de motif. 2. Pour exercer le droit de r\u00e9tractation, vous devez nous informer de votre d\u00e9cision de r\u00e9voquer le contrat en nous envoyant une d\u00e9claration (par exemple, une lettre envoy\u00e9e par [&hellip;]","og_url":"https:\/\/www.underpolo.com\/fr\/echanges-et-retours\/","og_site_name":"Underpolo","twitter_card":"summary_large_image","twitter_misc":{"Dur\u00e9e de lecture estim\u00e9e":"2 minutes"},"schema":{"@context":"https:\/\/schema.org","@graph":[{"@type":"WebPage","@id":"https:\/\/www.underpolo.com\/fr\/echanges-et-retours\/","url":"https:\/\/www.underpolo.com\/fr\/echanges-et-retours\/","name":"\u00c9changes et retours - Underpolo","isPartOf":{"@id":"https:\/\/www.underpolo.com\/fr\/#website"},"datePublished":"2025-06-03T09:44:09+00:00","breadcrumb":{"@id":"https:\/\/www.underpolo.com\/fr\/echanges-et-retours\/#breadcrumb"},"inLanguage":"fr-FR","potentialAction":[{"@type":"ReadAction","target":["https:\/\/www.underpolo.com\/fr\/echanges-et-retours\/"]}]},{"@type":"BreadcrumbList","@id":"https:\/\/www.underpolo.com\/fr\/echanges-et-retours\/#breadcrumb","itemListElement":[{"@type":"ListItem","position":1,"name":"Home","item":"https:\/\/www.underpolo.com\/fr\/"},{"@type":"ListItem","position":2,"name":"\u00c9changes et retours"}]},{"@type":"WebSite","@id":"https:\/\/www.underpolo.com\/fr\/#website","url":"https:\/\/www.underpolo.com\/fr\/","name":"Underpolo","description":"","publisher":{"@id":"https:\/\/www.underpolo.com\/fr\/#organization"},"potentialAction":[{"@type":"SearchAction","target":{"@type":"EntryPoint","urlTemplate":"https:\/\/www.underpolo.com\/fr\/?s={search_term_string}"},"query-input":{"@type":"PropertyValueSpecification","valueRequired":true,"valueName":"search_term_string"}}],"inLanguage":"fr-FR"},{"@type":"Organization","@id":"https:\/\/www.underpolo.com\/fr\/#organization","name":"Underpolo","url":"https:\/\/www.underpolo.com\/fr\/","logo":{"@type":"ImageObject","inLanguage":"fr-FR","@id":"https:\/\/www.underpolo.com\/fr\/#\/schema\/logo\/image\/","url":"https:\/\/www.underpolo.com\/wp-content\/uploads\/2025\/07\/logo-blue.png","contentUrl":"https:\/\/www.underpolo.com\/wp-content\/uploads\/2025\/07\/logo-blue.png","width":600,"height":82,"caption":"Underpolo"},"image":{"@id":"https:\/\/www.underpolo.com\/fr\/#\/schema\/logo\/image\/"},"sameAs":["https:\/\/www.instagram.com\/underpolo_official","https:\/\/www.tiktok.com\/@underpolo_official","https:\/\/www.linkedin.com\/company\/underpolo","https:\/\/www.youtube.com\/channel\/UC9GhYtuIQzTYgUUh3s01a4A"]}]}},"_links":{"self":[{"href":"https:\/\/www.underpolo.com\/fr\/wp-json\/wp\/v2\/pages\/1183","targetHints":{"allow":["GET"]}}],"collection":[{"href":"https:\/\/www.underpolo.com\/fr\/wp-json\/wp\/v2\/pages"}],"about":[{"href":"https:\/\/www.underpolo.com\/fr\/wp-json\/wp\/v2\/types\/page"}],"author":[{"embeddable":true,"href":"https:\/\/www.underpolo.com\/fr\/wp-json\/wp\/v2\/users\/1"}],"replies":[{"embeddable":true,"href":"https:\/\/www.underpolo.com\/fr\/wp-json\/wp\/v2\/comments?post=1183"}],"version-history":[{"count":0,"href":"https:\/\/www.underpolo.com\/fr\/wp-json\/wp\/v2\/pages\/1183\/revisions"}],"wp:attachment":[{"href":"https:\/\/www.underpolo.com\/fr\/wp-json\/wp\/v2\/media?parent=1183"}],"curies":[{"name":"wp","href":"https:\/\/api.w.org\/{rel}","templated":true}]}}