{"id":975,"date":"2025-06-22T18:58:45","date_gmt":"2025-06-22T16:58:45","guid":{"rendered":"https:\/\/www.underpolo.com\/cookie-richtlinie\/"},"modified":"2025-06-22T18:58:45","modified_gmt":"2025-06-22T16:58:45","slug":"cookie-richtlinie","status":"publish","type":"page","link":"https:\/\/www.underpolo.com\/de\/cookie-richtlinie\/","title":{"rendered":"Cookie-Richtlinie"},"content":{"rendered":"<p><strong>Was sind Cookies?<\/strong><\/p>\n<p>Wir und unsere Dienstleister verwenden Cookies und \u00e4hnliche Tracking-Technologien (im Folgenden als &#8218;Cookies&#8216; bezeichnet), um die Aktivit\u00e4ten auf unserer Dienstleistung zu verfolgen und bestimmte Informationen zu speichern. Wir verwenden Tracking-Technologien wie Web Beacons, Tags und Skripte, um Informationen zu sammeln, zu verfolgen und unsere Dienstleistung zu verbessern und zu analysieren. <\/p>\n<p>Die Verwendung von Cookies ist sicher. Es werden beispielsweise keine E-Mail-Adressen oder Telefonnummern in Cookies gespeichert. <\/p>\n<p>Wir k\u00f6nnen die folgenden Technologien verwenden:<\/p>\n<ul>\n<li><strong>Cookies.<\/strong>  Ein Cookie ist eine kleine Datei, die auf Ihrem Ger\u00e4t platziert wird. Sie k\u00f6nnen Ihren Browser so einstellen, dass er keine Cookies akzeptiert oder anzeigt, wenn ein Cookie gesendet wird. Wenn Sie jedoch keine Cookies akzeptieren, k\u00f6nnen Sie m\u00f6glicherweise einige Teile unserer Dienstleistung nicht nutzen. Sofern Sie Ihre Browsereinstellungen nicht so angepasst haben, dass Cookies abgelehnt werden, kann unsere Dienstleistung Cookies verwenden. Cookies k\u00f6nnen dauerhafte oder Session-Cookies sein. Dauerhafte Cookies verbleiben auf Ihrem Computer oder Mobilger\u00e4t, wenn Sie offline gehen, w\u00e4hrend Session-Cookies gel\u00f6scht werden, sobald Sie Ihren Webbrowser schlie\u00dfen. Einige Cookies sind essenziell (z. B. um Ihre Sitzung oder Ihren Warenkorb zu verfolgen), und einige Cookies dienen dazu, Ihre Erfahrung zu verbessern. Manchmal verwenden wir Cookies auch, um neue Seiten oder Funktionen auf der Website zu testen, damit wir sehen k\u00f6nnen, wie unsere Benutzer darauf reagieren.       <\/li>\n<li><strong>Web Beacons.<\/strong>  Einige Teile unserer Dienstleistung und unserer E-Mails k\u00f6nnen kleine elektronische Dateien enthalten, die als Web Beacons bekannt sind (auch als Clear Gifs, Pixel-Tags und Single-Pixel-Gifs bezeichnet). Diese Dateien erm\u00f6glichen es uns beispielsweise, die Anzahl der Benutzer zu z\u00e4hlen, die diese Seiten besucht oder eine E-Mail ge\u00f6ffnet haben, und andere zugeh\u00f6rige Statistiken \u00fcber die Website zu sammeln (z. B. um die Popularit\u00e4t eines bestimmten Abschnitts zu bestimmen und die Integrit\u00e4t des Systems und des Servers zu \u00fcberpr\u00fcfen). <\/li>\n<\/ul>\n<p>Auf dieser Seite wird beschrieben, welche Informationen sie sammeln, wie wir diese verwenden und warum wir diese Cookies manchmal speichern m\u00fcssen. Wir werden auch erl\u00e4utern, wie Sie verhindern k\u00f6nnen, dass diese Cookies gespeichert werden, aber beachten Sie, dass dies das Funktionieren bestimmter Teile der Website beeintr\u00e4chtigen kann. <\/p>\n<p>Aufgrund der Funktionsweise des Internets und von Websites haben wir nicht immer Einblick in die Cookies, die Dritte \u00fcber unsere Website platzieren.<\/p>\n<p>Sie k\u00f6nnen Cookies \u00fcber die Einstellungen Ihres Browsers entfernen.<\/p>\n<p><strong>Wer platziert Cookies?<\/strong><\/p>\n<p>Es gibt zwei Arten von Cookies:<\/p>\n<ul>\n<li>First-Party-Cookies: Diese Cookies werden von Underpolo auf allen unseren Website-Domains platziert und gelesen.<\/li>\n<li>Third-Party-Cookies: Diese Cookies werden von anderen Unternehmen platziert, die Dienstleistungen f\u00fcr Underpolo als Datenverarbeiter erbringen, wie z. B. Exact, VWO oder Google Analytics. Nachfolgend finden Sie eine vollst\u00e4ndige \u00dcbersicht \u00fcber die Cookies. <\/li>\n<\/ul>\n<p><strong>Wie verwendet Underpolo Cookies?<\/strong><\/p>\n<p>Wir verwenden sowohl Session-Cookies als auch permanente Cookies f\u00fcr die nachfolgend beschriebenen Zwecke.<\/p>\n<p><strong>Notwendige Cookies<\/strong><\/p>\n<ul>\n<li>Konto-bezogene Cookies. Wenn Sie ein Konto bei uns erstellen, verwenden wir Cookies, um den Anmeldeprozess und die allgemeine Administration zu verwalten. Diese Cookies werden normalerweise gel\u00f6scht, wenn Sie sich abmelden, aber in einigen F\u00e4llen k\u00f6nnen sie nach dem Abmelden bestehen bleiben, um Ihre Pr\u00e4ferenzen zu speichern.  <\/li>\n<li>Login-Cookies. Wir verwenden Cookies, wenn Sie angemeldet sind, damit wir uns daran erinnern k\u00f6nnen. Dies verhindert, dass Sie sich jedes Mal neu anmelden m\u00fcssen, wenn Sie eine neue Seite besuchen. Diese Cookies werden normalerweise gel\u00f6scht oder gel\u00f6scht, wenn Sie sich abmelden, um sicherzustellen, dass Sie nur Zugriff auf eingeschr\u00e4nkte Funktionen und Bereiche haben, wenn Sie angemeldet sind.   <\/li>\n<li>Cookies f\u00fcr die Verarbeitung von Bestellungen. F\u00fcr unsere Abonnements-, E-Commerce- oder Zahlungsfunktionen sind bestimmte Cookies unerl\u00e4sslich, um sicherzustellen, dass Ihr Warenkorb und\/oder Ihre Bestellung zwischen den Seiten gespeichert wird, damit wir diese korrekt verarbeiten k\u00f6nnen. <\/li>\n<li>Cookies f\u00fcr die Annahme von Benachrichtigungen. Diese Cookies enthalten die Cookie-Einstellungen, die Sie auf unserer Website ausgew\u00e4hlt haben, damit wir Ihre Einstellungen sehen und einhalten k\u00f6nnen. <\/li>\n<li>Gelegentlich verwenden wir Cookies, um neue Funktionen zu testen (A\/B-Tests) und kleine \u00c4nderungen an der Art und Weise vorzunehmen, wie die Website angezeigt wird. W\u00e4hrend des Tests stellen diese Cookies sicher, dass Sie eine konsistente Erfahrung auf unserer Website haben, w\u00e4hrend wir untersuchen, welche Verbesserungen unsere Benutzer am meisten sch\u00e4tzen. <\/li>\n<\/ul>\n<p><strong>Funktionale Cookies<\/strong><\/p>\n<ul>\n<li>Cookies f\u00fcr Formulare. Wenn Sie Daten \u00fcber ein Formular, wie z. B. ein Kontakt- oder Kommentarformular, einreichen, k\u00f6nnen Cookies platziert werden, um Ihre Benutzerdaten f\u00fcr zuk\u00fcnftige Kommunikation zu speichern. <\/li>\n<li>Cookies f\u00fcr tempor\u00e4re Datenspeicherung. Diese Cookies helfen, Informationen von einer Seite zur n\u00e4chsten weiterzugeben, sodass Sie nicht immer wieder dieselben Daten eingeben m\u00fcssen. <\/li>\n<li>Cookies f\u00fcr Live-Chat. Diese Cookies speichern Live-Chat-Gespr\u00e4che, sodass Sie Ihren Chatverlauf einsehen k\u00f6nnen, wenn Sie zu unserer Website zur\u00fcckkehren. <\/li>\n<li>Wunschlisten-Cookies. Diese Cookies speichern die Produkte\/Seiten, die Sie zu Ihrer Wunschliste hinzugef\u00fcgt haben. <\/li>\n<li>Cookies f\u00fcr Site-Einstellungen. Sie k\u00f6nnen Ihre Einstellungen f\u00fcr die Funktionsweise der Website f\u00fcr die beste Erfahrung festlegen. Um Ihre Einstellungen zu speichern, verwenden wir Cookies, die aufgerufen werden, wenn Sie Seiten verwenden, die von Ihren Einstellungen beeinflusst werden.  <\/li>\n<\/ul>\n<p><strong>Analytische Cookies<\/strong><\/p>\n<ul>\n<li>Wir verwenden Website-Analysen, um zu verstehen, wie Sie die Website nutzen, und um M\u00f6glichkeiten zu finden, wie wir Ihre Erfahrung verbessern k\u00f6nnen. Diese Cookies verfolgen beispielsweise, wie lange Sie sich auf der Website aufhalten und welche Seiten Sie besuchen, damit wir weiterhin ansprechende Inhalte produzieren k\u00f6nnen. <\/li>\n<li>Wir nutzen externe Analysedienste (z. B. Google Analytics), um die Nutzung dieser Website zu verfolgen und zu messen, damit wir weiterhin ansprechende Inhalte produzieren k\u00f6nnen. Diese Cookies k\u00f6nnen beispielsweise verfolgen, wie lange Sie sich auf der Website aufhalten oder welche Seiten Sie besuchen, was uns hilft zu verstehen, wie wir die Website f\u00fcr Sie verbessern k\u00f6nnen. <\/li>\n<li>Da wir Produkte verkaufen, ist es f\u00fcr uns wichtig zu wissen, wie viele Besucher unserer Website tats\u00e4chlich einen Kauf t\u00e4tigen. Diese Cookies verfolgen solche Daten. Dies ist wichtig, da es uns hilft, genaue Gesch\u00e4ftsprognosen zu erstellen, mit denen wir unsere Werbe- und Produktkosten verfolgen und den bestm\u00f6glichen Preis anbieten k\u00f6nnen.  <\/li>\n<\/ul>\n<p><strong>Marketing-Cookies<\/strong><\/p>\n<ul>\n<li>Marketing-Cookies werden verwendet, um Besucher auf verschiedenen Websites zu verfolgen. Das Ziel ist es, Anzeigen anzuzeigen, die f\u00fcr den einzelnen Benutzer relevant und ansprechend sind und somit f\u00fcr Publisher und externe Werbetreibende wertvoller sind. Diese Cookies werden verwendet, um Inhalte und Anzeigen auf Ihr Surfverhalten abzustimmen. Diese Daten werden auf personalisierte Weise in einer Datenbank gespeichert. Wir verwenden diese Cookies beispielsweise, um das Design unserer Website zu verbessern, die Benutzererfahrung zu verbessern und f\u00fcr Remarketing.    <strong> <\/strong><\/li>\n<\/ul>\n<p><strong>Kann ich Cookies deaktivieren?<\/strong><\/p>\n<p>Sie k\u00f6nnen das Setzen von Cookies verhindern, indem Sie die Einstellungen Ihres Browsers anpassen. Auf der Hilfeseite Ihres Browsers finden Sie Informationen dazu, wie Sie dies tun k\u00f6nnen: <\/p>\n<ul>\n<li>Chrome: https:\/\/support.google.com\/chrome\/answer\/95647<\/li>\n<li>Internet Explorer: https:\/\/support.microsoft.com\/en-us\/help\/17442\/windows-internet-explorer-delete-manage-cookies<\/li>\n<li>Edge: https:\/\/support.microsoft.com\/en-us\/microsoft-edge\/delete-cookies-in-microsoft-edge-63947406-40ac-c3b8-57b9-2a946a29ae09<\/li>\n<li>Safari: https:\/\/support.apple.com\/guide\/safari\/manage-cookies-and-website-data-sfri11471\/mac<\/li>\n<li>Firefox: https:\/\/support.mozilla.org\/en-US\/kb\/cookies-information-websites-store-on-your-computer<\/li>\n<li>Opera: https:\/\/help.opera.com\/en\/latest\/web-preferences\/#cookies<\/li>\n<\/ul>\n<p>Bitte beachten Sie, dass das Deaktivieren von Cookies zum Verlust bestimmter Funktionen auf der Website f\u00fchren kann. Es ist daher ratsam, alle Cookies aktiviert zu lassen, wenn Sie nicht sicher sind, ob Sie sie ben\u00f6tigen oder nicht. Einige Cookies k\u00f6nnen n\u00e4mlich verwendet werden, um Funktionen bereitzustellen, die Sie verwenden.  <strong> <\/strong><\/p>\n<p><strong>Mehr Informationen<\/strong><\/p>\n<p>Wir hoffen, dass diese Seite Ihnen einen besseren Einblick gegeben hat, was Cookies sind und wie Underpolo sie verwendet. Wenn Sie mehr wissen m\u00f6chten, k\u00f6nnen Sie uns \u00fcber info@underpolo.com kontaktieren. <\/p>\n<p>Wir werden diese Cookie-Richtlinie von Zeit zu Zeit anpassen, beispielsweise im Zusammenhang mit \u00c4nderungen unserer Website oder der Gesetzgebung zu Cookies. Wir k\u00f6nnen den Inhalt dieser Seite und die in den Listen enthaltenen Cookies jederzeit und ohne vorherige Ank\u00fcndigung \u00e4ndern. Auf dieser Webseite finden Sie die neueste Version.  <\/p>\n<p>Ihre Zustimmung gilt f\u00fcr alle unsere (Sub-)Domains.<\/p>\n<p>Letzte Aktualisierung: 30.05.2025.<\/p>\n","protected":false},"excerpt":{"rendered":"<p>Was sind Cookies? Wir und unsere Dienstleister verwenden Cookies und \u00e4hnliche Tracking-Technologien (im Folgenden als &#8218;Cookies&#8216; bezeichnet), um die Aktivit\u00e4ten auf unserer Dienstleistung zu verfolgen und bestimmte Informationen zu speichern. Wir verwenden Tracking-Technologien wie Web Beacons, Tags und Skripte, um Informationen zu sammeln, zu verfolgen und unsere Dienstleistung zu verbessern und zu analysieren. Die Verwendung [&hellip;]<\/p>\n","protected":false},"author":1,"featured_media":0,"parent":0,"menu_order":0,"comment_status":"closed","ping_status":"closed","template":"","meta":{"_acf_changed":false,"footnotes":""},"class_list":["post-975","page","type-page","status-publish","hentry"],"acf":[],"yoast_head":"<!-- This site is optimized with the Yoast SEO plugin v27.5 - https:\/\/yoast.com\/product\/yoast-seo-wordpress\/ -->\n<title>Cookie-Richtlinie - Underpolo<\/title>\n<meta name=\"robots\" content=\"index, follow, max-snippet:-1, max-image-preview:large, max-video-preview:-1\" \/>\n<link rel=\"canonical\" href=\"https:\/\/www.underpolo.com\/de\/cookie-richtlinie\/\" \/>\n<meta property=\"og:locale\" content=\"de_DE\" \/>\n<meta property=\"og:type\" content=\"article\" \/>\n<meta property=\"og:title\" content=\"Cookie-Richtlinie - Underpolo\" \/>\n<meta property=\"og:description\" content=\"Was sind Cookies? Wir und unsere Dienstleister verwenden Cookies und \u00e4hnliche Tracking-Technologien (im Folgenden als &#8218;Cookies&#8216; bezeichnet), um die Aktivit\u00e4ten auf unserer Dienstleistung zu verfolgen und bestimmte Informationen zu speichern. Wir verwenden Tracking-Technologien wie Web Beacons, Tags und Skripte, um Informationen zu sammeln, zu verfolgen und unsere Dienstleistung zu verbessern und zu analysieren. Die Verwendung [&hellip;]\" \/>\n<meta property=\"og:url\" content=\"https:\/\/www.underpolo.com\/de\/cookie-richtlinie\/\" \/>\n<meta property=\"og:site_name\" content=\"Underpolo\" \/>\n<meta name=\"twitter:card\" content=\"summary_large_image\" \/>\n<meta name=\"twitter:label1\" content=\"Gesch\u00e4tzte Lesezeit\" \/>\n\t<meta name=\"twitter:data1\" content=\"7\u00a0Minuten\" \/>\n<script type=\"application\/ld+json\" class=\"yoast-schema-graph\">{\"@context\":\"https:\\\/\\\/schema.org\",\"@graph\":[{\"@type\":\"WebPage\",\"@id\":\"https:\\\/\\\/www.underpolo.com\\\/de\\\/cookie-richtlinie\\\/\",\"url\":\"https:\\\/\\\/www.underpolo.com\\\/de\\\/cookie-richtlinie\\\/\",\"name\":\"Cookie-Richtlinie - Underpolo\",\"isPartOf\":{\"@id\":\"https:\\\/\\\/www.underpolo.com\\\/de\\\/#website\"},\"datePublished\":\"2025-06-22T16:58:45+00:00\",\"breadcrumb\":{\"@id\":\"https:\\\/\\\/www.underpolo.com\\\/de\\\/cookie-richtlinie\\\/#breadcrumb\"},\"inLanguage\":\"de\",\"potentialAction\":[{\"@type\":\"ReadAction\",\"target\":[\"https:\\\/\\\/www.underpolo.com\\\/de\\\/cookie-richtlinie\\\/\"]}]},{\"@type\":\"BreadcrumbList\",\"@id\":\"https:\\\/\\\/www.underpolo.com\\\/de\\\/cookie-richtlinie\\\/#breadcrumb\",\"itemListElement\":[{\"@type\":\"ListItem\",\"position\":1,\"name\":\"Home\",\"item\":\"https:\\\/\\\/www.underpolo.com\\\/de\\\/\"},{\"@type\":\"ListItem\",\"position\":2,\"name\":\"Cookie-Richtlinie\"}]},{\"@type\":\"WebSite\",\"@id\":\"https:\\\/\\\/www.underpolo.com\\\/de\\\/#website\",\"url\":\"https:\\\/\\\/www.underpolo.com\\\/de\\\/\",\"name\":\"Underpolo\",\"description\":\"\",\"publisher\":{\"@id\":\"https:\\\/\\\/www.underpolo.com\\\/de\\\/#organization\"},\"potentialAction\":[{\"@type\":\"SearchAction\",\"target\":{\"@type\":\"EntryPoint\",\"urlTemplate\":\"https:\\\/\\\/www.underpolo.com\\\/de\\\/?s={search_term_string}\"},\"query-input\":{\"@type\":\"PropertyValueSpecification\",\"valueRequired\":true,\"valueName\":\"search_term_string\"}}],\"inLanguage\":\"de\"},{\"@type\":\"Organization\",\"@id\":\"https:\\\/\\\/www.underpolo.com\\\/de\\\/#organization\",\"name\":\"Underpolo\",\"url\":\"https:\\\/\\\/www.underpolo.com\\\/de\\\/\",\"logo\":{\"@type\":\"ImageObject\",\"inLanguage\":\"de\",\"@id\":\"https:\\\/\\\/www.underpolo.com\\\/de\\\/#\\\/schema\\\/logo\\\/image\\\/\",\"url\":\"https:\\\/\\\/www.underpolo.com\\\/wp-content\\\/uploads\\\/2025\\\/07\\\/logo-blue.png\",\"contentUrl\":\"https:\\\/\\\/www.underpolo.com\\\/wp-content\\\/uploads\\\/2025\\\/07\\\/logo-blue.png\",\"width\":600,\"height\":82,\"caption\":\"Underpolo\"},\"image\":{\"@id\":\"https:\\\/\\\/www.underpolo.com\\\/de\\\/#\\\/schema\\\/logo\\\/image\\\/\"},\"sameAs\":[\"https:\\\/\\\/www.instagram.com\\\/underpolo_official\",\"https:\\\/\\\/www.tiktok.com\\\/@underpolo_official\",\"https:\\\/\\\/www.linkedin.com\\\/company\\\/underpolo\",\"https:\\\/\\\/www.youtube.com\\\/channel\\\/UC9GhYtuIQzTYgUUh3s01a4A\"]}]}<\/script>\n<!-- \/ Yoast SEO plugin. -->","yoast_head_json":{"title":"Cookie-Richtlinie - Underpolo","robots":{"index":"index","follow":"follow","max-snippet":"max-snippet:-1","max-image-preview":"max-image-preview:large","max-video-preview":"max-video-preview:-1"},"canonical":"https:\/\/www.underpolo.com\/de\/cookie-richtlinie\/","og_locale":"de_DE","og_type":"article","og_title":"Cookie-Richtlinie - Underpolo","og_description":"Was sind Cookies? Wir und unsere Dienstleister verwenden Cookies und \u00e4hnliche Tracking-Technologien (im Folgenden als &#8218;Cookies&#8216; bezeichnet), um die Aktivit\u00e4ten auf unserer Dienstleistung zu verfolgen und bestimmte Informationen zu speichern. Wir verwenden Tracking-Technologien wie Web Beacons, Tags und Skripte, um Informationen zu sammeln, zu verfolgen und unsere Dienstleistung zu verbessern und zu analysieren. Die Verwendung [&hellip;]","og_url":"https:\/\/www.underpolo.com\/de\/cookie-richtlinie\/","og_site_name":"Underpolo","twitter_card":"summary_large_image","twitter_misc":{"Gesch\u00e4tzte Lesezeit":"7\u00a0Minuten"},"schema":{"@context":"https:\/\/schema.org","@graph":[{"@type":"WebPage","@id":"https:\/\/www.underpolo.com\/de\/cookie-richtlinie\/","url":"https:\/\/www.underpolo.com\/de\/cookie-richtlinie\/","name":"Cookie-Richtlinie - Underpolo","isPartOf":{"@id":"https:\/\/www.underpolo.com\/de\/#website"},"datePublished":"2025-06-22T16:58:45+00:00","breadcrumb":{"@id":"https:\/\/www.underpolo.com\/de\/cookie-richtlinie\/#breadcrumb"},"inLanguage":"de","potentialAction":[{"@type":"ReadAction","target":["https:\/\/www.underpolo.com\/de\/cookie-richtlinie\/"]}]},{"@type":"BreadcrumbList","@id":"https:\/\/www.underpolo.com\/de\/cookie-richtlinie\/#breadcrumb","itemListElement":[{"@type":"ListItem","position":1,"name":"Home","item":"https:\/\/www.underpolo.com\/de\/"},{"@type":"ListItem","position":2,"name":"Cookie-Richtlinie"}]},{"@type":"WebSite","@id":"https:\/\/www.underpolo.com\/de\/#website","url":"https:\/\/www.underpolo.com\/de\/","name":"Underpolo","description":"","publisher":{"@id":"https:\/\/www.underpolo.com\/de\/#organization"},"potentialAction":[{"@type":"SearchAction","target":{"@type":"EntryPoint","urlTemplate":"https:\/\/www.underpolo.com\/de\/?s={search_term_string}"},"query-input":{"@type":"PropertyValueSpecification","valueRequired":true,"valueName":"search_term_string"}}],"inLanguage":"de"},{"@type":"Organization","@id":"https:\/\/www.underpolo.com\/de\/#organization","name":"Underpolo","url":"https:\/\/www.underpolo.com\/de\/","logo":{"@type":"ImageObject","inLanguage":"de","@id":"https:\/\/www.underpolo.com\/de\/#\/schema\/logo\/image\/","url":"https:\/\/www.underpolo.com\/wp-content\/uploads\/2025\/07\/logo-blue.png","contentUrl":"https:\/\/www.underpolo.com\/wp-content\/uploads\/2025\/07\/logo-blue.png","width":600,"height":82,"caption":"Underpolo"},"image":{"@id":"https:\/\/www.underpolo.com\/de\/#\/schema\/logo\/image\/"},"sameAs":["https:\/\/www.instagram.com\/underpolo_official","https:\/\/www.tiktok.com\/@underpolo_official","https:\/\/www.linkedin.com\/company\/underpolo","https:\/\/www.youtube.com\/channel\/UC9GhYtuIQzTYgUUh3s01a4A"]}]}},"_links":{"self":[{"href":"https:\/\/www.underpolo.com\/de\/wp-json\/wp\/v2\/pages\/975","targetHints":{"allow":["GET"]}}],"collection":[{"href":"https:\/\/www.underpolo.com\/de\/wp-json\/wp\/v2\/pages"}],"about":[{"href":"https:\/\/www.underpolo.com\/de\/wp-json\/wp\/v2\/types\/page"}],"author":[{"embeddable":true,"href":"https:\/\/www.underpolo.com\/de\/wp-json\/wp\/v2\/users\/1"}],"replies":[{"embeddable":true,"href":"https:\/\/www.underpolo.com\/de\/wp-json\/wp\/v2\/comments?post=975"}],"version-history":[{"count":0,"href":"https:\/\/www.underpolo.com\/de\/wp-json\/wp\/v2\/pages\/975\/revisions"}],"wp:attachment":[{"href":"https:\/\/www.underpolo.com\/de\/wp-json\/wp\/v2\/media?parent=975"}],"curies":[{"name":"wp","href":"https:\/\/api.w.org\/{rel}","templated":true}]}}