{"id":1207,"date":"2025-03-11T12:27:10","date_gmt":"2025-03-11T10:27:10","guid":{"rendered":"https:\/\/www.underpolo.com\/datenschutzerklaerung\/"},"modified":"2025-03-11T12:27:10","modified_gmt":"2025-03-11T10:27:10","slug":"datenschutzerklaerung","status":"publish","type":"page","link":"https:\/\/www.underpolo.com\/de\/datenschutzerklaerung\/","title":{"rendered":"Datenschutzerkl\u00e4rung"},"content":{"rendered":"<p>Willkommen zu unserer Datenschutzerkl\u00e4rung. Hier erfahren Sie, wie wir mit pers\u00f6nlichen Daten umgehen. <\/p>\n<p>Wir respektieren die Privatsph\u00e4re unserer Kunden und Besucher und setzen uns f\u00fcr den Schutz pers\u00f6nlicher Daten ein.<\/p>\n<p>Wenn Sie Produkte online \u00fcber unseren Webshop bestellen, verwenden wir Ihre Kontaktdaten und die von Ihnen bereitgestellten Informationen, um Ihre Bestellungen so schnell und einfach wie m\u00f6glich abzuwickeln und Sie \u00fcber Ihre Bestellung zu informieren. Wir verwenden pers\u00f6nliche Daten, um Ihr Einkaufserlebnis in unserem Online-Shop so einfach und besonders wie m\u00f6glich zu gestalten, sodass Ihr Besuch auf unserer Website auf Ihre Interessen zugeschnitten ist. <\/p>\n<p>Underpolo B.V. ist verantwortlich f\u00fcr die Verarbeitung der personenbezogenen Daten durch Underpolo und die mit ihr verbundenen Unternehmen. Hier erkl\u00e4ren wir Ihnen gerne, was das bedeutet. <\/p>\n<p><strong>Ziele der Verarbeitung<\/strong><\/p>\n<p>Wir verarbeiten personenbezogene Daten beim Einkaufen und danach f\u00fcr die folgenden Zwecke:<\/p>\n<ul>\n<li>Um Ihr Einkaufserlebnis so angenehm wie m\u00f6glich zu gestalten und unsere Website auf Ihre Interessen zu personalisieren<\/li>\n<li>Um Sie \u00fcber Produkte zu informieren, die sich noch in Ihrem Warenkorb befinden, \u00fcber Ihre E-Mail-Adresse<\/li>\n<li>Um die richtige Gr\u00f6\u00dfe und perfekte Passform \u00fcber den Fit Finder zu finden<\/li>\n<li>Um Ihre Bestellung nach Hause zu liefern und den Weg Ihres Pakets zu verfolgen<\/li>\n<li>Um Ihre R\u00fccksendung zu verarbeiten und den Weg Ihres R\u00fccksendepakets zu verfolgen<\/li>\n<li>Um Ihnen Ihre Einkaufshistorie und mehr in Ihrem pers\u00f6nlichen Konto anzuzeigen<\/li>\n<li>Um Ihre Anmeldung zum Newsletter zu verarbeiten, sowie E-Mails bez\u00fcglich der Verf\u00fcgbarkeit eines Produkts, oder um Ihnen spezielle Angebote und Neuigkeiten zu senden<\/li>\n<li>Um E-Mails bez\u00fcglich Ihrer Bestellung oder R\u00fccksendung zu senden (Bestellbest\u00e4tigung, Updates zum Versandstatus, Updates bez\u00fcglich Ihrer R\u00fccksendung, Umfragen, Anweisungen zur Pflege des Produkts)<\/li>\n<li>F\u00fcr Direktmarketingzwecke, wie gedruckte Mailings oder eine E-Mail an Ihrem Geburtstag<\/li>\n<li>Um Ihren Besuch auf unseren Websites und unseren Markengesch\u00e4ften zu analysieren, um Ihr pers\u00f6nliches Einkaufserlebnis besser und noch bemerkenswerter zu machen<\/li>\n<li>Um Ihnen ein m\u00fcheloses Kundenerlebnis zu bieten, wenn Sie sich an unseren Kundendienst wenden. Wir verwenden m\u00f6glicherweise Ihre Telefonnummer und\/oder E-Mail-Adresse, um zu verstehen und zu verwalten, welche Bestellungen und fr\u00fchere Korrespondenz des Kundenservice zu diesen Kennungen geh\u00f6ren. <\/li>\n<li>Um den Verkehr in unseren Webshops und Markengesch\u00e4ften zu analysieren und um Missbrauch und\/oder Betrug zu verhindern. Ihre IP-Adresse kann w\u00e4hrend dieser Aktivit\u00e4ten gespeichert und verarbeitet werden. <\/li>\n<\/ul>\n<p><strong>Rechtsgrundlagen f\u00fcr die Verarbeitung<\/strong><\/p>\n<p>Underpolo verarbeitet Ihre Daten auf verschiedenen Grundlagen: Einwilligung, berechtigtes Interesse und Erf\u00fcllung des Vertrags. Sie k\u00f6nnen Ihre Einwilligung jederzeit widerrufen. <\/p>\n<p><strong>Speicherfristen<\/strong><\/p>\n<p>Wir speichern Ihre Daten nicht l\u00e4nger als n\u00f6tig oder wenn es keine gesetzliche Grundlage f\u00fcr die Verarbeitung der Daten gibt.<\/p>\n<p><strong>Personenbezogene Rechte<\/strong><\/p>\n<p>Wir sorgen daf\u00fcr, dass Ihre Rechte gesch\u00fctzt werden. Hier erkl\u00e4ren wir Ihnen einige davon. <\/p>\n<ul>\n<li>Beim Einloggen in Ihr Underpolo-Konto k\u00f6nnen Sie Ihre pers\u00f6nlichen Daten jederzeit \u00e4ndern.<\/li>\n<li>F\u00fcr das L\u00f6schen Ihres Kontos oder den Zugriff auf die Daten, die wir verarbeiten, k\u00f6nnen Sie uns eine Nachricht \u00fcber info@underpolo.com senden. Bitte beachten Sie, dass eine gesetzliche Verpflichtung bestehen kann, (einen Teil) Ihrer Daten in unserer Datenbank zu speichern. <\/li>\n<li>Haben Sie den Fit Finder genutzt und m\u00f6chten Sie nicht mehr, dass wir diese Daten verwenden, lassen Sie es uns dann wissen \u00fcber info@underpolo.com.<\/li>\n<li>M\u00f6chten Sie unseren Newsletter oder andere Updates nicht mehr erhalten? Lassen Sie es uns dann wissen \u00fcber den Abmeldeknopf in den E-Mails, die Sie von uns erhalten haben. <\/li>\n<\/ul>\n<p><strong>Datensicherheit<\/strong><\/p>\n<p>Datensicherheit ist ein wichtiger Bestandteil der Sicherheit von pers\u00f6nlichen Daten und sorgt daf\u00fcr, dass Ihre pers\u00f6nlichen Daten bei uns sicher sind. Unsere Mitarbeiter wissen, wie sie mit pers\u00f6nlichen Daten umgehen m\u00fcssen, halten diese vertraulich und, falls es zu einer Datenverletzung kommen sollte, werden wir die notwendigen Schritte unternehmen, wie z. B. die Meldung an die Aufsichtsbeh\u00f6rde. <\/p>\n<p>Underpolo arbeitet mit verschiedenen Dritten zusammen, um Ihr Einkaufserlebnis und den Bestellprozess so reibungslos wie m\u00f6glich zu gestalten. Wir teilen daher die ben\u00f6tigten Daten mit diesen Dritten. Denken Sie hierbei an Ihre Zahlung \u00fcber den Zahlungsdienstleister, das Versenden Ihrer Bestellung an den Fulfillment-Partner, das Versenden der Track-and-Trace-Daten per E-Mail und das Bereitstellen der letzten Neuigkeiten \u00fcber unser Sortiment.  <\/p>\n<p>Wir verwenden nur sichere Server, sichere Verbindungen und wir haben Verarbeitungsvereinbarungen.<\/p>\n<p><strong>Datenverarbeiter<\/strong><\/p>\n<p>Ihre Daten werden innerhalb der Europ\u00e4ischen Union verarbeitet. Wir verwenden die richtigen Datenverarbeitungsvereinbarungen mit den notwendigen (Sub-)Verarbeitern. <\/p>\n<p>Wenn personenbezogene Daten au\u00dferhalb der EU verarbeitet oder gespeichert werden, sorgen wir daf\u00fcr, dass es geeignete Schutzma\u00dfnahmen gibt, um personenbezogene Daten zu sch\u00fctzen. Insbesondere halten wir uns an die Standardvertragsklauseln der Europ\u00e4ischen Kommission. <\/p>\n<p>Sie erkennen m\u00f6glicherweise diese Dritten, wenn Sie bei uns einkaufen:<\/p>\n<ul>\n<li>Mollie, Paypal oder sonstige Instanzen f\u00fcr Zahlungen<\/li>\n<li>Aftership, wodurch Sie (und wir) das Paket verfolgen k\u00f6nnen<\/li>\n<li>Klaviyo, um Ihnen E-Mails, SMS oder WhatsApp-Nachrichten zu senden<\/li>\n<li>Shopify, um Ihr Konto sicher zu speichern<\/li>\n<li>Trustpilot A\/S f\u00fcr Bewertungen<\/li>\n<li>ChatGPT\/OpenAI f\u00fcr KI<\/li>\n<\/ul>\n<p><strong>Trustpilot<\/strong><\/p>\n<p>Trustpilot A\/S liefert Review-Einladungen an unsere Kunden, wobei Trustpilot A\/S als Datenverarbeiter auftritt, um relevante Daten zu verarbeiten. Ihr Name, Ihre E-Mail-Adresse und Ihre Bestelldaten werden mit Trustpilot geteilt. Trustpilot sorgt daf\u00fcr, pers\u00f6nliche Daten vertraulich zu behandeln. Siehe Trustpilot <a href=\"https:\/\/legal.trustpilot.com\/for-reviewers\/end-user-privacy-terms\" target=\"_blank\" rel=\"noopener\">Datenschutzrichtlinie<\/a> f\u00fcr weitere Informationen. Bewertungen dienen zur Evaluierung und Verbesserung unserer Dienstleistungen.<\/p>\n<p><strong>ChatGPT<\/strong><\/p>\n<p>Wir nutzen ChatGPT, ein von OpenAI entwickeltes Modell zur Verarbeitung nat\u00fcrlicher Sprache, um Benutzerinteraktionen zu verbessern und personalisierte Unterst\u00fctzung auf unserer E-Commerce-Website anzubieten. Bei der Interaktion mit ChatGPT k\u00f6nnen bestimmte Daten wie Gewicht und Gr\u00f6\u00dfe geteilt werden, um ma\u00dfgeschneiderte Empfehlungen und Antworten zu erm\u00f6glichen. Diese Daten werden ausschlie\u00dflich innerhalb des Gespr\u00e4chskontextes verwendet, um die Qualit\u00e4t des Service und die Benutzererfahrung zu verbessern. Wir legen gro\u00dfen Wert auf den Schutz Ihrer pers\u00f6nlichen Daten und halten uns an strenge Datenschutzstandards. Ihre Daten werden nicht an Dritte weitergegeben oder f\u00fcr irgendeinen Zweck verkauft. Durch die Nutzung von ChatGPT auf unserer Website stimmen Sie der Erfassung und Verarbeitung Ihrer Daten f\u00fcr die oben genannten Zwecke zu. F\u00fcr weitere Informationen dar\u00fcber, wie OpenAI Daten verarbeitet, verweisen wir Sie auf deren Datenschutzrichtlinie.<\/p>\n<p><strong>Kontakt<\/strong><\/p>\n<p>Haben Sie eine Beschwerde \u00fcber die Verarbeitung Ihrer Daten? Lassen Sie es uns wissen und wir versuchen, es gemeinsam mit Ihnen zu l\u00f6sen. Unsere Kontaktdaten: info@underpolo.com Sie k\u00f6nnen auch eine Beschwerde bei der Aufsichtsbeh\u00f6rde \u00fcber <a href=\"https:\/\/www.autoriteitpersoonsgegevens.nl\/\" target=\"_blank\" rel=\"noopener\">www.autoriteitpersoonsgegevens.nl<\/a> einreichen.<\/p>\n<p><strong>\u00c4nderungen<\/strong><\/p>\n<p>Im Falle von wesentlichen \u00c4nderungen dieser Datenschutzerkl\u00e4rung werden wir Sie stets \u00fcber die \u00c4nderungen informieren. Die aktuellste Version ist immer auf der Website zu finden.<\/p>\n","protected":false},"excerpt":{"rendered":"<p>Willkommen zu unserer Datenschutzerkl\u00e4rung. Hier erfahren Sie, wie wir mit pers\u00f6nlichen Daten umgehen. Wir respektieren die Privatsph\u00e4re unserer Kunden und Besucher und setzen uns f\u00fcr den Schutz pers\u00f6nlicher Daten ein. Wenn Sie Produkte online \u00fcber unseren Webshop bestellen, verwenden wir Ihre Kontaktdaten und die von Ihnen bereitgestellten Informationen, um Ihre Bestellungen so schnell und einfach [&hellip;]<\/p>\n","protected":false},"author":1,"featured_media":0,"parent":0,"menu_order":0,"comment_status":"closed","ping_status":"open","template":"","meta":{"_acf_changed":false,"footnotes":""},"class_list":["post-1207","page","type-page","status-publish","hentry"],"acf":[],"yoast_head":"<!-- This site is optimized with the Yoast SEO plugin v27.5 - https:\/\/yoast.com\/product\/yoast-seo-wordpress\/ -->\n<title>Datenschutzerkl\u00e4rung - Underpolo<\/title>\n<meta name=\"robots\" content=\"index, follow, max-snippet:-1, max-image-preview:large, max-video-preview:-1\" \/>\n<link rel=\"canonical\" href=\"https:\/\/www.underpolo.com\/de\/datenschutzerklaerung\/\" \/>\n<meta property=\"og:locale\" content=\"de_DE\" \/>\n<meta property=\"og:type\" content=\"article\" \/>\n<meta property=\"og:title\" content=\"Datenschutzerkl\u00e4rung - Underpolo\" \/>\n<meta property=\"og:description\" content=\"Willkommen zu unserer Datenschutzerkl\u00e4rung. Hier erfahren Sie, wie wir mit pers\u00f6nlichen Daten umgehen. Wir respektieren die Privatsph\u00e4re unserer Kunden und Besucher und setzen uns f\u00fcr den Schutz pers\u00f6nlicher Daten ein. Wenn Sie Produkte online \u00fcber unseren Webshop bestellen, verwenden wir Ihre Kontaktdaten und die von Ihnen bereitgestellten Informationen, um Ihre Bestellungen so schnell und einfach [&hellip;]\" \/>\n<meta property=\"og:url\" content=\"https:\/\/www.underpolo.com\/de\/datenschutzerklaerung\/\" \/>\n<meta property=\"og:site_name\" content=\"Underpolo\" \/>\n<meta name=\"twitter:card\" content=\"summary_large_image\" \/>\n<meta name=\"twitter:label1\" content=\"Gesch\u00e4tzte Lesezeit\" \/>\n\t<meta name=\"twitter:data1\" content=\"6\u00a0Minuten\" \/>\n<script type=\"application\/ld+json\" class=\"yoast-schema-graph\">{\"@context\":\"https:\\\/\\\/schema.org\",\"@graph\":[{\"@type\":\"WebPage\",\"@id\":\"https:\\\/\\\/www.underpolo.com\\\/de\\\/datenschutzerklaerung\\\/\",\"url\":\"https:\\\/\\\/www.underpolo.com\\\/de\\\/datenschutzerklaerung\\\/\",\"name\":\"Datenschutzerkl\u00e4rung - Underpolo\",\"isPartOf\":{\"@id\":\"https:\\\/\\\/www.underpolo.com\\\/de\\\/#website\"},\"datePublished\":\"2025-03-11T10:27:10+00:00\",\"breadcrumb\":{\"@id\":\"https:\\\/\\\/www.underpolo.com\\\/de\\\/datenschutzerklaerung\\\/#breadcrumb\"},\"inLanguage\":\"de\",\"potentialAction\":[{\"@type\":\"ReadAction\",\"target\":[\"https:\\\/\\\/www.underpolo.com\\\/de\\\/datenschutzerklaerung\\\/\"]}]},{\"@type\":\"BreadcrumbList\",\"@id\":\"https:\\\/\\\/www.underpolo.com\\\/de\\\/datenschutzerklaerung\\\/#breadcrumb\",\"itemListElement\":[{\"@type\":\"ListItem\",\"position\":1,\"name\":\"Home\",\"item\":\"https:\\\/\\\/www.underpolo.com\\\/de\\\/\"},{\"@type\":\"ListItem\",\"position\":2,\"name\":\"Datenschutzerkl\u00e4rung\"}]},{\"@type\":\"WebSite\",\"@id\":\"https:\\\/\\\/www.underpolo.com\\\/de\\\/#website\",\"url\":\"https:\\\/\\\/www.underpolo.com\\\/de\\\/\",\"name\":\"Underpolo\",\"description\":\"\",\"publisher\":{\"@id\":\"https:\\\/\\\/www.underpolo.com\\\/de\\\/#organization\"},\"potentialAction\":[{\"@type\":\"SearchAction\",\"target\":{\"@type\":\"EntryPoint\",\"urlTemplate\":\"https:\\\/\\\/www.underpolo.com\\\/de\\\/?s={search_term_string}\"},\"query-input\":{\"@type\":\"PropertyValueSpecification\",\"valueRequired\":true,\"valueName\":\"search_term_string\"}}],\"inLanguage\":\"de\"},{\"@type\":\"Organization\",\"@id\":\"https:\\\/\\\/www.underpolo.com\\\/de\\\/#organization\",\"name\":\"Underpolo\",\"url\":\"https:\\\/\\\/www.underpolo.com\\\/de\\\/\",\"logo\":{\"@type\":\"ImageObject\",\"inLanguage\":\"de\",\"@id\":\"https:\\\/\\\/www.underpolo.com\\\/de\\\/#\\\/schema\\\/logo\\\/image\\\/\",\"url\":\"https:\\\/\\\/www.underpolo.com\\\/wp-content\\\/uploads\\\/2025\\\/07\\\/logo-blue.png\",\"contentUrl\":\"https:\\\/\\\/www.underpolo.com\\\/wp-content\\\/uploads\\\/2025\\\/07\\\/logo-blue.png\",\"width\":600,\"height\":82,\"caption\":\"Underpolo\"},\"image\":{\"@id\":\"https:\\\/\\\/www.underpolo.com\\\/de\\\/#\\\/schema\\\/logo\\\/image\\\/\"},\"sameAs\":[\"https:\\\/\\\/www.instagram.com\\\/underpolo_official\",\"https:\\\/\\\/www.tiktok.com\\\/@underpolo_official\",\"https:\\\/\\\/www.linkedin.com\\\/company\\\/underpolo\",\"https:\\\/\\\/www.youtube.com\\\/channel\\\/UC9GhYtuIQzTYgUUh3s01a4A\"]}]}<\/script>\n<!-- \/ Yoast SEO plugin. -->","yoast_head_json":{"title":"Datenschutzerkl\u00e4rung - Underpolo","robots":{"index":"index","follow":"follow","max-snippet":"max-snippet:-1","max-image-preview":"max-image-preview:large","max-video-preview":"max-video-preview:-1"},"canonical":"https:\/\/www.underpolo.com\/de\/datenschutzerklaerung\/","og_locale":"de_DE","og_type":"article","og_title":"Datenschutzerkl\u00e4rung - Underpolo","og_description":"Willkommen zu unserer Datenschutzerkl\u00e4rung. Hier erfahren Sie, wie wir mit pers\u00f6nlichen Daten umgehen. Wir respektieren die Privatsph\u00e4re unserer Kunden und Besucher und setzen uns f\u00fcr den Schutz pers\u00f6nlicher Daten ein. Wenn Sie Produkte online \u00fcber unseren Webshop bestellen, verwenden wir Ihre Kontaktdaten und die von Ihnen bereitgestellten Informationen, um Ihre Bestellungen so schnell und einfach [&hellip;]","og_url":"https:\/\/www.underpolo.com\/de\/datenschutzerklaerung\/","og_site_name":"Underpolo","twitter_card":"summary_large_image","twitter_misc":{"Gesch\u00e4tzte Lesezeit":"6\u00a0Minuten"},"schema":{"@context":"https:\/\/schema.org","@graph":[{"@type":"WebPage","@id":"https:\/\/www.underpolo.com\/de\/datenschutzerklaerung\/","url":"https:\/\/www.underpolo.com\/de\/datenschutzerklaerung\/","name":"Datenschutzerkl\u00e4rung - Underpolo","isPartOf":{"@id":"https:\/\/www.underpolo.com\/de\/#website"},"datePublished":"2025-03-11T10:27:10+00:00","breadcrumb":{"@id":"https:\/\/www.underpolo.com\/de\/datenschutzerklaerung\/#breadcrumb"},"inLanguage":"de","potentialAction":[{"@type":"ReadAction","target":["https:\/\/www.underpolo.com\/de\/datenschutzerklaerung\/"]}]},{"@type":"BreadcrumbList","@id":"https:\/\/www.underpolo.com\/de\/datenschutzerklaerung\/#breadcrumb","itemListElement":[{"@type":"ListItem","position":1,"name":"Home","item":"https:\/\/www.underpolo.com\/de\/"},{"@type":"ListItem","position":2,"name":"Datenschutzerkl\u00e4rung"}]},{"@type":"WebSite","@id":"https:\/\/www.underpolo.com\/de\/#website","url":"https:\/\/www.underpolo.com\/de\/","name":"Underpolo","description":"","publisher":{"@id":"https:\/\/www.underpolo.com\/de\/#organization"},"potentialAction":[{"@type":"SearchAction","target":{"@type":"EntryPoint","urlTemplate":"https:\/\/www.underpolo.com\/de\/?s={search_term_string}"},"query-input":{"@type":"PropertyValueSpecification","valueRequired":true,"valueName":"search_term_string"}}],"inLanguage":"de"},{"@type":"Organization","@id":"https:\/\/www.underpolo.com\/de\/#organization","name":"Underpolo","url":"https:\/\/www.underpolo.com\/de\/","logo":{"@type":"ImageObject","inLanguage":"de","@id":"https:\/\/www.underpolo.com\/de\/#\/schema\/logo\/image\/","url":"https:\/\/www.underpolo.com\/wp-content\/uploads\/2025\/07\/logo-blue.png","contentUrl":"https:\/\/www.underpolo.com\/wp-content\/uploads\/2025\/07\/logo-blue.png","width":600,"height":82,"caption":"Underpolo"},"image":{"@id":"https:\/\/www.underpolo.com\/de\/#\/schema\/logo\/image\/"},"sameAs":["https:\/\/www.instagram.com\/underpolo_official","https:\/\/www.tiktok.com\/@underpolo_official","https:\/\/www.linkedin.com\/company\/underpolo","https:\/\/www.youtube.com\/channel\/UC9GhYtuIQzTYgUUh3s01a4A"]}]}},"_links":{"self":[{"href":"https:\/\/www.underpolo.com\/de\/wp-json\/wp\/v2\/pages\/1207","targetHints":{"allow":["GET"]}}],"collection":[{"href":"https:\/\/www.underpolo.com\/de\/wp-json\/wp\/v2\/pages"}],"about":[{"href":"https:\/\/www.underpolo.com\/de\/wp-json\/wp\/v2\/types\/page"}],"author":[{"embeddable":true,"href":"https:\/\/www.underpolo.com\/de\/wp-json\/wp\/v2\/users\/1"}],"replies":[{"embeddable":true,"href":"https:\/\/www.underpolo.com\/de\/wp-json\/wp\/v2\/comments?post=1207"}],"version-history":[{"count":0,"href":"https:\/\/www.underpolo.com\/de\/wp-json\/wp\/v2\/pages\/1207\/revisions"}],"wp:attachment":[{"href":"https:\/\/www.underpolo.com\/de\/wp-json\/wp\/v2\/media?parent=1207"}],"curies":[{"name":"wp","href":"https:\/\/api.w.org\/{rel}","templated":true}]}}