{"id":1178,"date":"2025-06-03T11:44:09","date_gmt":"2025-06-03T09:44:09","guid":{"rendered":"https:\/\/www.underpolo.com\/umtausch-und-rueckgabe\/"},"modified":"2025-06-03T11:44:09","modified_gmt":"2025-06-03T09:44:09","slug":"umtausch-und-rueckgabe","status":"publish","type":"page","link":"https:\/\/www.underpolo.com\/de\/umtausch-und-rueckgabe\/","title":{"rendered":"Umtausch und R\u00fcckgabe"},"content":{"rendered":"<p>1. Laut Gesetz haben Sie nach Erhalt des Produkts eine Frist von 14 Tagen, um Ihren Vertrag mit Underpolo ohne Angabe von Gr\u00fcnden zu widerrufen.<\/p>\n<p>2. Um das Widerrufsrecht auszu\u00fcben, m\u00fcssen Sie uns \u00fcber Ihre Entscheidung, den Vertrag zu widerrufen, informieren, indem Sie uns eine Erkl\u00e4rung zusenden (z. B. einen Brief per Post oder E-Mail). Sie k\u00f6nnen unser <a href=\"\/wp-content\/uploads\/2025\/06\/Modelformulier-voor-herroeping-Underpolo.pdf\" target=\"_blank\" rel=\"noopener\">Musterformular<\/a> f\u00fcr den Widerruf verwenden. Es ist auch m\u00f6glich, den Vertrag teilweise zu widerrufen. Um die Widerrufsfrist einzuhalten, reicht es aus, dass Sie Ihre Mitteilung \u00fcber die Aus\u00fcbung des Widerrufsrechts vor Ablauf der Widerrufsfrist absenden.   <\/p>\n<p>3. Das Widerrufsrecht gilt nicht f\u00fcr versiegelte Waren, die aus Gr\u00fcnden des Gesundheitsschutzes oder der Hygiene nicht zur R\u00fccksendung geeignet sind und deren Versiegelung nach der Lieferung entfernt wurde.<\/p>\n<p>4. Nach Beendigung des Vertrags m\u00fcssen Sie das Produkt so schnell wie m\u00f6glich, sp\u00e4testens jedoch innerhalb von 30 Tagen nach Erhalt aller Produkte Ihrer Bestellung, an die auf dem Versandetikett angegebene Adresse von Underpolo zur\u00fccksenden, das Sie per E-Mail erhalten haben.<\/p>\n<p>5. Sie k\u00f6nnen unsere Produkte ausprobieren, soweit dies f\u00fcr einen Kauf erforderlich ist, wie Sie es in einem echten Gesch\u00e4ft tun w\u00fcrden. Stellen Sie sicher, dass die Etiketten noch angebracht sind und die Originalverpackung bei der R\u00fccksendung unbesch\u00e4digt ist. F\u00fcr Produkte, die unvollst\u00e4ndig, besch\u00e4digt oder gewaschen sind, bei denen die Etiketten entfernt wurden oder die andere Gebrauchsspuren aufweisen, muss Underpolo diese Wertminderung von dem Gesamtbetrag abziehen, der Ihnen zur\u00fcckerstattet wird. Nur Underpolo ist berechtigt, die Wertminderung zu bestimmen.   <\/p>\n<p>6. Underpolo erstattet den gezahlten Betrag, einschlie\u00dflich der Versandkosten, innerhalb von 14 Tagen nach Erhalt des\/der zur\u00fcckgesandten Produkts\/Produkte. Im Falle einer teilweisen Stornierung erstatten wir nur die Kosten des zur\u00fcckgesandten Produkts. Wir erstatten Ihnen den Betrag mit derselben Zahlungsmethode, die Sie f\u00fcr die urspr\u00fcngliche Zahlung verwendet haben. Bei R\u00fccksendung nach den 14 Tagen, aber innerhalb der 30 Tage, erhalten Sie den gezahlten Betrag abz\u00fcglich der Versandkosten zur\u00fcck.   <\/p>\n<p>7. Die R\u00fccksendekosten innerhalb der Niederlande, Belgiens und Deutschlands betragen 6,50 \u20ac \u00fcber das Versandetikett, das Sie von uns erhalten. Wenn Sie eine andere, teurere Option f\u00fcr die R\u00fccksendung als die Standardversandmethode von Underpolo w\u00e4hlen, werden diese zus\u00e4tzlichen Kosten nicht erstattet. <\/p>\n","protected":false},"excerpt":{"rendered":"<p>1. Laut Gesetz haben Sie nach Erhalt des Produkts eine Frist von 14 Tagen, um Ihren Vertrag mit Underpolo ohne Angabe von Gr\u00fcnden zu widerrufen. 2. Um das Widerrufsrecht auszu\u00fcben, m\u00fcssen Sie uns \u00fcber Ihre Entscheidung, den Vertrag zu widerrufen, informieren, indem Sie uns eine Erkl\u00e4rung zusenden (z. B. einen Brief per Post oder E-Mail). [&hellip;]<\/p>\n","protected":false},"author":1,"featured_media":0,"parent":0,"menu_order":0,"comment_status":"closed","ping_status":"closed","template":"","meta":{"_acf_changed":false,"footnotes":""},"class_list":["post-1178","page","type-page","status-publish","hentry"],"acf":[],"yoast_head":"<!-- This site is optimized with the Yoast SEO plugin v27.5 - https:\/\/yoast.com\/product\/yoast-seo-wordpress\/ -->\n<title>Umtausch und R\u00fcckgabe - Underpolo<\/title>\n<meta name=\"robots\" content=\"index, follow, max-snippet:-1, max-image-preview:large, max-video-preview:-1\" \/>\n<link rel=\"canonical\" href=\"https:\/\/www.underpolo.com\/de\/umtausch-und-rueckgabe\/\" \/>\n<meta property=\"og:locale\" content=\"de_DE\" \/>\n<meta property=\"og:type\" content=\"article\" \/>\n<meta property=\"og:title\" content=\"Umtausch und R\u00fcckgabe - Underpolo\" \/>\n<meta property=\"og:description\" content=\"1. Laut Gesetz haben Sie nach Erhalt des Produkts eine Frist von 14 Tagen, um Ihren Vertrag mit Underpolo ohne Angabe von Gr\u00fcnden zu widerrufen. 2. Um das Widerrufsrecht auszu\u00fcben, m\u00fcssen Sie uns \u00fcber Ihre Entscheidung, den Vertrag zu widerrufen, informieren, indem Sie uns eine Erkl\u00e4rung zusenden (z. B. einen Brief per Post oder E-Mail). [&hellip;]\" \/>\n<meta property=\"og:url\" content=\"https:\/\/www.underpolo.com\/de\/umtausch-und-rueckgabe\/\" \/>\n<meta property=\"og:site_name\" content=\"Underpolo\" \/>\n<meta name=\"twitter:card\" content=\"summary_large_image\" \/>\n<meta name=\"twitter:label1\" content=\"Gesch\u00e4tzte Lesezeit\" \/>\n\t<meta name=\"twitter:data1\" content=\"2\u00a0Minuten\" \/>\n<script type=\"application\/ld+json\" class=\"yoast-schema-graph\">{\"@context\":\"https:\\\/\\\/schema.org\",\"@graph\":[{\"@type\":\"WebPage\",\"@id\":\"https:\\\/\\\/www.underpolo.com\\\/de\\\/umtausch-und-rueckgabe\\\/\",\"url\":\"https:\\\/\\\/www.underpolo.com\\\/de\\\/umtausch-und-rueckgabe\\\/\",\"name\":\"Umtausch und R\u00fcckgabe - Underpolo\",\"isPartOf\":{\"@id\":\"https:\\\/\\\/www.underpolo.com\\\/de\\\/#website\"},\"datePublished\":\"2025-06-03T09:44:09+00:00\",\"breadcrumb\":{\"@id\":\"https:\\\/\\\/www.underpolo.com\\\/de\\\/umtausch-und-rueckgabe\\\/#breadcrumb\"},\"inLanguage\":\"de\",\"potentialAction\":[{\"@type\":\"ReadAction\",\"target\":[\"https:\\\/\\\/www.underpolo.com\\\/de\\\/umtausch-und-rueckgabe\\\/\"]}]},{\"@type\":\"BreadcrumbList\",\"@id\":\"https:\\\/\\\/www.underpolo.com\\\/de\\\/umtausch-und-rueckgabe\\\/#breadcrumb\",\"itemListElement\":[{\"@type\":\"ListItem\",\"position\":1,\"name\":\"Home\",\"item\":\"https:\\\/\\\/www.underpolo.com\\\/de\\\/\"},{\"@type\":\"ListItem\",\"position\":2,\"name\":\"Umtausch und R\u00fcckgabe\"}]},{\"@type\":\"WebSite\",\"@id\":\"https:\\\/\\\/www.underpolo.com\\\/de\\\/#website\",\"url\":\"https:\\\/\\\/www.underpolo.com\\\/de\\\/\",\"name\":\"Underpolo\",\"description\":\"\",\"publisher\":{\"@id\":\"https:\\\/\\\/www.underpolo.com\\\/de\\\/#organization\"},\"potentialAction\":[{\"@type\":\"SearchAction\",\"target\":{\"@type\":\"EntryPoint\",\"urlTemplate\":\"https:\\\/\\\/www.underpolo.com\\\/de\\\/?s={search_term_string}\"},\"query-input\":{\"@type\":\"PropertyValueSpecification\",\"valueRequired\":true,\"valueName\":\"search_term_string\"}}],\"inLanguage\":\"de\"},{\"@type\":\"Organization\",\"@id\":\"https:\\\/\\\/www.underpolo.com\\\/de\\\/#organization\",\"name\":\"Underpolo\",\"url\":\"https:\\\/\\\/www.underpolo.com\\\/de\\\/\",\"logo\":{\"@type\":\"ImageObject\",\"inLanguage\":\"de\",\"@id\":\"https:\\\/\\\/www.underpolo.com\\\/de\\\/#\\\/schema\\\/logo\\\/image\\\/\",\"url\":\"https:\\\/\\\/www.underpolo.com\\\/wp-content\\\/uploads\\\/2025\\\/07\\\/logo-blue.png\",\"contentUrl\":\"https:\\\/\\\/www.underpolo.com\\\/wp-content\\\/uploads\\\/2025\\\/07\\\/logo-blue.png\",\"width\":600,\"height\":82,\"caption\":\"Underpolo\"},\"image\":{\"@id\":\"https:\\\/\\\/www.underpolo.com\\\/de\\\/#\\\/schema\\\/logo\\\/image\\\/\"},\"sameAs\":[\"https:\\\/\\\/www.instagram.com\\\/underpolo_official\",\"https:\\\/\\\/www.tiktok.com\\\/@underpolo_official\",\"https:\\\/\\\/www.linkedin.com\\\/company\\\/underpolo\",\"https:\\\/\\\/www.youtube.com\\\/channel\\\/UC9GhYtuIQzTYgUUh3s01a4A\"]}]}<\/script>\n<!-- \/ Yoast SEO plugin. -->","yoast_head_json":{"title":"Umtausch und R\u00fcckgabe - Underpolo","robots":{"index":"index","follow":"follow","max-snippet":"max-snippet:-1","max-image-preview":"max-image-preview:large","max-video-preview":"max-video-preview:-1"},"canonical":"https:\/\/www.underpolo.com\/de\/umtausch-und-rueckgabe\/","og_locale":"de_DE","og_type":"article","og_title":"Umtausch und R\u00fcckgabe - Underpolo","og_description":"1. Laut Gesetz haben Sie nach Erhalt des Produkts eine Frist von 14 Tagen, um Ihren Vertrag mit Underpolo ohne Angabe von Gr\u00fcnden zu widerrufen. 2. Um das Widerrufsrecht auszu\u00fcben, m\u00fcssen Sie uns \u00fcber Ihre Entscheidung, den Vertrag zu widerrufen, informieren, indem Sie uns eine Erkl\u00e4rung zusenden (z. B. einen Brief per Post oder E-Mail). [&hellip;]","og_url":"https:\/\/www.underpolo.com\/de\/umtausch-und-rueckgabe\/","og_site_name":"Underpolo","twitter_card":"summary_large_image","twitter_misc":{"Gesch\u00e4tzte Lesezeit":"2\u00a0Minuten"},"schema":{"@context":"https:\/\/schema.org","@graph":[{"@type":"WebPage","@id":"https:\/\/www.underpolo.com\/de\/umtausch-und-rueckgabe\/","url":"https:\/\/www.underpolo.com\/de\/umtausch-und-rueckgabe\/","name":"Umtausch und R\u00fcckgabe - Underpolo","isPartOf":{"@id":"https:\/\/www.underpolo.com\/de\/#website"},"datePublished":"2025-06-03T09:44:09+00:00","breadcrumb":{"@id":"https:\/\/www.underpolo.com\/de\/umtausch-und-rueckgabe\/#breadcrumb"},"inLanguage":"de","potentialAction":[{"@type":"ReadAction","target":["https:\/\/www.underpolo.com\/de\/umtausch-und-rueckgabe\/"]}]},{"@type":"BreadcrumbList","@id":"https:\/\/www.underpolo.com\/de\/umtausch-und-rueckgabe\/#breadcrumb","itemListElement":[{"@type":"ListItem","position":1,"name":"Home","item":"https:\/\/www.underpolo.com\/de\/"},{"@type":"ListItem","position":2,"name":"Umtausch und R\u00fcckgabe"}]},{"@type":"WebSite","@id":"https:\/\/www.underpolo.com\/de\/#website","url":"https:\/\/www.underpolo.com\/de\/","name":"Underpolo","description":"","publisher":{"@id":"https:\/\/www.underpolo.com\/de\/#organization"},"potentialAction":[{"@type":"SearchAction","target":{"@type":"EntryPoint","urlTemplate":"https:\/\/www.underpolo.com\/de\/?s={search_term_string}"},"query-input":{"@type":"PropertyValueSpecification","valueRequired":true,"valueName":"search_term_string"}}],"inLanguage":"de"},{"@type":"Organization","@id":"https:\/\/www.underpolo.com\/de\/#organization","name":"Underpolo","url":"https:\/\/www.underpolo.com\/de\/","logo":{"@type":"ImageObject","inLanguage":"de","@id":"https:\/\/www.underpolo.com\/de\/#\/schema\/logo\/image\/","url":"https:\/\/www.underpolo.com\/wp-content\/uploads\/2025\/07\/logo-blue.png","contentUrl":"https:\/\/www.underpolo.com\/wp-content\/uploads\/2025\/07\/logo-blue.png","width":600,"height":82,"caption":"Underpolo"},"image":{"@id":"https:\/\/www.underpolo.com\/de\/#\/schema\/logo\/image\/"},"sameAs":["https:\/\/www.instagram.com\/underpolo_official","https:\/\/www.tiktok.com\/@underpolo_official","https:\/\/www.linkedin.com\/company\/underpolo","https:\/\/www.youtube.com\/channel\/UC9GhYtuIQzTYgUUh3s01a4A"]}]}},"_links":{"self":[{"href":"https:\/\/www.underpolo.com\/de\/wp-json\/wp\/v2\/pages\/1178","targetHints":{"allow":["GET"]}}],"collection":[{"href":"https:\/\/www.underpolo.com\/de\/wp-json\/wp\/v2\/pages"}],"about":[{"href":"https:\/\/www.underpolo.com\/de\/wp-json\/wp\/v2\/types\/page"}],"author":[{"embeddable":true,"href":"https:\/\/www.underpolo.com\/de\/wp-json\/wp\/v2\/users\/1"}],"replies":[{"embeddable":true,"href":"https:\/\/www.underpolo.com\/de\/wp-json\/wp\/v2\/comments?post=1178"}],"version-history":[{"count":0,"href":"https:\/\/www.underpolo.com\/de\/wp-json\/wp\/v2\/pages\/1178\/revisions"}],"wp:attachment":[{"href":"https:\/\/www.underpolo.com\/de\/wp-json\/wp\/v2\/media?parent=1178"}],"curies":[{"name":"wp","href":"https:\/\/api.w.org\/{rel}","templated":true}]}}