{"id":1085,"date":"2025-12-22T11:09:33","date_gmt":"2025-12-22T09:09:33","guid":{"rendered":"https:\/\/www.underpolo.com\/rueckerstattungs-und-rueckgabebedingungen\/"},"modified":"2026-01-23T15:57:49","modified_gmt":"2026-01-23T13:57:49","slug":"rueckerstattungs-und-rueckgabebedingungen","status":"publish","type":"page","link":"https:\/\/www.underpolo.com\/de\/rueckerstattungs-und-rueckgabebedingungen\/","title":{"rendered":"R\u00fcckerstattungs- und R\u00fcckgabebedingungen"},"content":{"rendered":"<h2 class=\"wp-block-heading\">\u00dcberblick<\/h2>\r\n<!-- \/wp:post-content --><!-- wp:paragraph {\"translatedWithWPMLTM\":\"1\"} -->\r\n<p>Unsere R\u00fcckerstattungs- und R\u00fcckgabebedingungen gelten 30 Tage lang. Wenn seit Ihrem Kauf 30 Tage vergangen sind, k\u00f6nnen wir Ihnen keine vollst\u00e4ndige R\u00fcckerstattung oder einen Umtausch anbieten. <\/p>\r\n<!-- \/wp:paragraph --><!-- wp:paragraph {\"translatedWithWPMLTM\":\"1\"} -->\r\n<p>Um f\u00fcr eine R\u00fcckgabe berechtigt zu sein, muss Ihr Artikel unbenutzt und in dem gleichen Zustand sein, in dem Sie ihn erhalten haben. Er muss sich auch in der Originalverpackung befinden. <\/p>\r\n<!-- \/wp:paragraph --><!-- wp:paragraph {\"translatedWithWPMLTM\":\"1\"} -->\r\n<p>Verschiedene Arten von Waren sind von der R\u00fcckgabe ausgeschlossen. Verderbliche Waren wie Lebensmittel, Blumen, Zeitungen oder Zeitschriften k\u00f6nnen nicht zur\u00fcckgegeben werden. Wir akzeptieren auch keine Produkte, die Intim- oder Hygieneartikel, gef\u00e4hrliche Stoffe oder brennbare Fl\u00fcssigkeiten oder Gase sind.  <\/p>\r\n<!-- \/wp:paragraph --><!-- wp:paragraph {\"translatedWithWPMLTM\":\"1\"} -->\r\n<p>Zus\u00e4tzliche nicht retournierbare Artikel:<\/p>\r\n<!-- \/wp:paragraph --><!-- wp:list {\"translatedWithWPMLTM\":\"1\"} -->\r\n<ul>\r\n<li>Geschenkkarten<\/li>\r\n<li>Herunterladbare Softwareprodukte<\/li>\r\n<li>Einige Gesundheits- und K\u00f6rperpflegeartikel<\/li>\r\n<\/ul>\r\n<!-- \/wp:list --><!-- wp:paragraph {\"translatedWithWPMLTM\":\"1\"} -->\r\n<p>Um Ihre R\u00fcckgabe abzuschlie\u00dfen, ben\u00f6tigen wir eine Quittung oder einen Kaufbeleg.<\/p>\r\n<!-- \/wp:paragraph --><!-- wp:paragraph {\"translatedWithWPMLTM\":\"1\"} -->\r\n<p>Bitte senden Sie Ihren Kauf nicht an den Hersteller zur\u00fcck.<\/p>\r\n<!-- \/wp:paragraph --><!-- wp:paragraph {\"translatedWithWPMLTM\":\"1\"} -->\r\n<p>Es gibt bestimmte Situationen, in denen nur Teilr\u00fcckerstattungen gew\u00e4hrt werden:<\/p>\r\n<!-- \/wp:paragraph --><!-- wp:list {\"translatedWithWPMLTM\":\"1\"} -->\r\n<ul>\r\n<li>Buch mit deutlichen Gebrauchsspuren<\/li>\r\n<li>CD, DVD, VHS-Kassette, Software, Videospiel, Musikkassette oder Schallplatte, die ge\u00f6ffnet wurde.<\/li>\r\n<li>Jeder Artikel, der sich nicht im Originalzustand befindet, besch\u00e4digt ist oder bei dem Teile aus Gr\u00fcnden fehlen, die nicht auf unser Verschulden zur\u00fcckzuf\u00fchren sind.<\/li>\r\n<li>Jeder Artikel, der mehr als 30 Tage nach Lieferung zur\u00fcckgegeben wird<\/li>\r\n<\/ul>\r\n<!-- \/wp:list --><!-- wp:heading {\"translatedWithWPMLTM\":\"1\"} -->\r\n<h2 class=\"wp-block-heading\">R\u00fcckerstattungen<\/h2>\r\n<!-- \/wp:heading --><!-- wp:paragraph {\"translatedWithWPMLTM\":\"1\"} -->\r\n<p>Sobald Ihre R\u00fccksendung eingegangen und gepr\u00fcft wurde, senden wir Ihnen eine E-Mail, um Sie dar\u00fcber zu informieren, dass wir Ihren zur\u00fcckgesandten Artikel erhalten haben. Wir werden Sie auch \u00fcber die Genehmigung oder Ablehnung Ihrer R\u00fcckerstattung informieren. <\/p>\r\n<!-- \/wp:paragraph --><!-- wp:paragraph {\"translatedWithWPMLTM\":\"1\"} -->\r\n<p>Wenn Sie genehmigt werden, wird Ihre R\u00fcckerstattung bearbeitet und eine Gutschrift wird automatisch Ihrer Kreditkarte oder Ihrer urspr\u00fcnglichen Zahlungsmethode innerhalb einer bestimmten Anzahl von Tagen gutgeschrieben.<\/p>\r\n<!-- \/wp:paragraph --><!-- wp:heading {\"level\":3,\"translatedWithWPMLTM\":\"1\"} -->\r\n<h3 class=\"wp-block-heading\">Versp\u00e4tete oder fehlende R\u00fcckerstattungen<\/h3>\r\n<!-- \/wp:heading --><!-- wp:paragraph {\"translatedWithWPMLTM\":\"1\"} -->\r\n<p>Wenn Sie noch keine R\u00fcckerstattung erhalten haben, \u00fcberpr\u00fcfen Sie zuerst noch einmal Ihr Bankkonto.<\/p>\r\n<!-- \/wp:paragraph --><!-- wp:paragraph {\"translatedWithWPMLTM\":\"1\"} -->\r\n<p>Wenden Sie sich dann an Ihr Kreditkartenunternehmen, es kann einige Zeit dauern, bis Ihre R\u00fcckerstattung offiziell verbucht wird.<\/p>\r\n<!-- \/wp:paragraph --><!-- wp:paragraph {\"translatedWithWPMLTM\":\"1\"} -->\r\n<p>Wenden Sie sich als N\u00e4chstes an Ihre Bank. Es dauert oft einige Bearbeitungszeit, bis eine R\u00fcckerstattung verbucht wird. <\/p>\r\n<!-- \/wp:paragraph --><!-- wp:paragraph {\"translatedWithWPMLTM\":\"1\"} -->\r\n<p>Wenn Sie all dies getan haben und Sie Ihre R\u00fcckerstattung immer noch nicht erhalten haben, kontaktieren Sie uns bitte unter {email address}.<\/p>\r\n<!-- \/wp:paragraph --><!-- wp:heading {\"level\":3,\"translatedWithWPMLTM\":\"1\"} -->\r\n<h3 class=\"wp-block-heading\">Sonderangebote<\/h3>\r\n<!-- \/wp:heading --><!-- wp:paragraph {\"translatedWithWPMLTM\":\"1\"} -->\r\n<p>Nur Artikel zum regul\u00e4ren Preis k\u00f6nnen erstattet werden. Sonderangebote k\u00f6nnen nicht erstattet werden. <\/p>\r\n<!-- \/wp:paragraph --><!-- wp:heading {\"translatedWithWPMLTM\":\"1\"} -->\r\n<h2 class=\"wp-block-heading\">Umtausch<\/h2>\r\n<!-- \/wp:heading --><!-- wp:paragraph {\"translatedWithWPMLTM\":\"1\"} -->\r\n<p>Wir ersetzen Artikel nur, wenn sie defekt oder besch\u00e4digt sind. Wenn Sie ihn gegen denselben Artikel umtauschen m\u00fcssen, senden Sie uns eine E-Mail an {email address} und senden Sie Ihren Artikel an: {physical address}. <\/p>\r\n<!-- \/wp:paragraph --><!-- wp:heading {\"translatedWithWPMLTM\":\"1\"} -->\r\n<h2 class=\"wp-block-heading\">Geschenke<\/h2>\r\n<!-- \/wp:heading --><!-- wp:paragraph {\"translatedWithWPMLTM\":\"1\"} -->\r\n<p>Wenn der Artikel beim Kauf als Geschenk gekennzeichnet und direkt an Sie versandt wurde, erhalten Sie eine Gutschrift f\u00fcr den Wert Ihrer R\u00fccksendung. Sobald der zur\u00fcckgesandte Artikel eingegangen ist, wird Ihnen ein Geschenkgutschein zugesandt. <\/p>\r\n<!-- \/wp:paragraph --><!-- wp:paragraph {\"translatedWithWPMLTM\":\"1\"} -->\r\n<p>Wenn der Artikel beim Kauf nicht als Geschenk gekennzeichnet wurde oder der Schenkende die Bestellung an sich selbst schicken lie\u00df, um sie Ihnen sp\u00e4ter zu geben, senden wir eine R\u00fcckerstattung an den Schenkenden und dieser wird von Ihrer R\u00fccksendung erfahren.<\/p>\r\n<!-- \/wp:paragraph --><!-- wp:heading {\"translatedWithWPMLTM\":\"1\"} -->\r\n<h2 class=\"wp-block-heading\">R\u00fccksendungen<\/h2>\r\n<!-- \/wp:heading --><!-- wp:paragraph {\"translatedWithWPMLTM\":\"1\"} -->\r\n<p>Um Ihr Produkt zur\u00fcckzusenden, senden Sie Ihr Produkt an: {physical address}.<\/p>\r\n<!-- \/wp:paragraph --><!-- wp:paragraph {\"translatedWithWPMLTM\":\"1\"} -->\r\n<p>Sie sind f\u00fcr die Zahlung Ihrer eigenen Versandkosten f\u00fcr die R\u00fccksendung Ihres Artikels verantwortlich. Die Versandkosten sind nicht erstattungsf\u00e4hig. Wenn Sie eine R\u00fcckerstattung erhalten, werden die Kosten f\u00fcr den R\u00fcckversand von Ihrer R\u00fcckerstattung abgezogen.  <\/p>\r\n<!-- \/wp:paragraph --><!-- wp:paragraph {\"translatedWithWPMLTM\":\"1\"} -->\r\n<p>Je nachdem, wo Sie wohnen, kann es unterschiedlich lange dauern, bis Ihr umgetauschtes Produkt Sie erreicht.<\/p>\r\n<!-- \/wp:paragraph --><!-- wp:paragraph {\"translatedWithWPMLTM\":\"1\"} -->\r\n<p>Wenn Sie teurere Artikel zur\u00fccksenden, sollten Sie einen verfolgbaren Versandservice nutzen oder eine Versandversicherung abschlie\u00dfen. Wir garantieren nicht, dass wir Ihren zur\u00fcckgesandten Artikel erhalten. <\/p>\r\n<!-- \/wp:paragraph --><!-- wp:heading {\"translatedWithWPMLTM\":\"1\"} -->\r\n<h2 class=\"wp-block-heading\">Brauchen Sie Hilfe?<\/h2>\r\n<!-- \/wp:heading --><!-- wp:paragraph {\"translatedWithWPMLTM\":\"1\"} -->\r\n<p>Kontaktieren Sie uns unter {email} f\u00fcr Fragen im Zusammenhang mit R\u00fcckerstattungen und R\u00fccksendungen.<\/p>\r\n<!-- \/wp:paragraph -->","protected":false},"excerpt":{"rendered":"<p>\u00dcberblick Unsere R\u00fcckerstattungs- und R\u00fcckgabebedingungen gelten 30 Tage lang. Wenn seit Ihrem Kauf 30 Tage vergangen sind, k\u00f6nnen wir Ihnen keine vollst\u00e4ndige R\u00fcckerstattung oder einen Umtausch anbieten. Um f\u00fcr eine R\u00fcckgabe berechtigt zu sein, muss Ihr Artikel unbenutzt und in dem gleichen Zustand sein, in dem Sie ihn erhalten haben. Er muss sich auch in [&hellip;]<\/p>\n","protected":false},"author":1,"featured_media":0,"parent":0,"menu_order":0,"comment_status":"closed","ping_status":"closed","template":"","meta":{"_acf_changed":false,"footnotes":""},"class_list":["post-1085","page","type-page","status-publish","hentry"],"acf":[],"yoast_head":"<!-- This site is optimized with the Yoast SEO plugin v27.5 - https:\/\/yoast.com\/product\/yoast-seo-wordpress\/ -->\n<title>R\u00fcckerstattungs- und R\u00fcckgabebedingungen - Underpolo<\/title>\n<meta name=\"robots\" content=\"index, follow, max-snippet:-1, max-image-preview:large, max-video-preview:-1\" \/>\n<link rel=\"canonical\" href=\"https:\/\/www.underpolo.com\/de\/rueckerstattungs-und-rueckgabebedingungen\/\" \/>\n<meta property=\"og:locale\" content=\"de_DE\" \/>\n<meta property=\"og:type\" content=\"article\" \/>\n<meta property=\"og:title\" content=\"R\u00fcckerstattungs- und R\u00fcckgabebedingungen - Underpolo\" \/>\n<meta property=\"og:description\" content=\"\u00dcberblick Unsere R\u00fcckerstattungs- und R\u00fcckgabebedingungen gelten 30 Tage lang. Wenn seit Ihrem Kauf 30 Tage vergangen sind, k\u00f6nnen wir Ihnen keine vollst\u00e4ndige R\u00fcckerstattung oder einen Umtausch anbieten. Um f\u00fcr eine R\u00fcckgabe berechtigt zu sein, muss Ihr Artikel unbenutzt und in dem gleichen Zustand sein, in dem Sie ihn erhalten haben. Er muss sich auch in [&hellip;]\" \/>\n<meta property=\"og:url\" content=\"https:\/\/www.underpolo.com\/de\/rueckerstattungs-und-rueckgabebedingungen\/\" \/>\n<meta property=\"og:site_name\" content=\"Underpolo\" \/>\n<meta property=\"article:modified_time\" content=\"2026-01-23T13:57:49+00:00\" \/>\n<meta name=\"twitter:card\" content=\"summary_large_image\" \/>\n<meta name=\"twitter:label1\" content=\"Gesch\u00e4tzte Lesezeit\" \/>\n\t<meta name=\"twitter:data1\" content=\"4\u00a0Minuten\" \/>\n<script type=\"application\/ld+json\" class=\"yoast-schema-graph\">{\"@context\":\"https:\\\/\\\/schema.org\",\"@graph\":[{\"@type\":\"WebPage\",\"@id\":\"https:\\\/\\\/www.underpolo.com\\\/de\\\/rueckerstattungs-und-rueckgabebedingungen\\\/\",\"url\":\"https:\\\/\\\/www.underpolo.com\\\/de\\\/rueckerstattungs-und-rueckgabebedingungen\\\/\",\"name\":\"R\u00fcckerstattungs- und R\u00fcckgabebedingungen - Underpolo\",\"isPartOf\":{\"@id\":\"https:\\\/\\\/www.underpolo.com\\\/de\\\/#website\"},\"datePublished\":\"2025-12-22T09:09:33+00:00\",\"dateModified\":\"2026-01-23T13:57:49+00:00\",\"breadcrumb\":{\"@id\":\"https:\\\/\\\/www.underpolo.com\\\/de\\\/rueckerstattungs-und-rueckgabebedingungen\\\/#breadcrumb\"},\"inLanguage\":\"de\",\"potentialAction\":[{\"@type\":\"ReadAction\",\"target\":[\"https:\\\/\\\/www.underpolo.com\\\/de\\\/rueckerstattungs-und-rueckgabebedingungen\\\/\"]}]},{\"@type\":\"BreadcrumbList\",\"@id\":\"https:\\\/\\\/www.underpolo.com\\\/de\\\/rueckerstattungs-und-rueckgabebedingungen\\\/#breadcrumb\",\"itemListElement\":[{\"@type\":\"ListItem\",\"position\":1,\"name\":\"Home\",\"item\":\"https:\\\/\\\/www.underpolo.com\\\/de\\\/\"},{\"@type\":\"ListItem\",\"position\":2,\"name\":\"R\u00fcckerstattungs- und R\u00fcckgabebedingungen\"}]},{\"@type\":\"WebSite\",\"@id\":\"https:\\\/\\\/www.underpolo.com\\\/de\\\/#website\",\"url\":\"https:\\\/\\\/www.underpolo.com\\\/de\\\/\",\"name\":\"Underpolo\",\"description\":\"\",\"publisher\":{\"@id\":\"https:\\\/\\\/www.underpolo.com\\\/de\\\/#organization\"},\"potentialAction\":[{\"@type\":\"SearchAction\",\"target\":{\"@type\":\"EntryPoint\",\"urlTemplate\":\"https:\\\/\\\/www.underpolo.com\\\/de\\\/?s={search_term_string}\"},\"query-input\":{\"@type\":\"PropertyValueSpecification\",\"valueRequired\":true,\"valueName\":\"search_term_string\"}}],\"inLanguage\":\"de\"},{\"@type\":\"Organization\",\"@id\":\"https:\\\/\\\/www.underpolo.com\\\/de\\\/#organization\",\"name\":\"Underpolo\",\"url\":\"https:\\\/\\\/www.underpolo.com\\\/de\\\/\",\"logo\":{\"@type\":\"ImageObject\",\"inLanguage\":\"de\",\"@id\":\"https:\\\/\\\/www.underpolo.com\\\/de\\\/#\\\/schema\\\/logo\\\/image\\\/\",\"url\":\"https:\\\/\\\/www.underpolo.com\\\/wp-content\\\/uploads\\\/2025\\\/07\\\/logo-blue.png\",\"contentUrl\":\"https:\\\/\\\/www.underpolo.com\\\/wp-content\\\/uploads\\\/2025\\\/07\\\/logo-blue.png\",\"width\":600,\"height\":82,\"caption\":\"Underpolo\"},\"image\":{\"@id\":\"https:\\\/\\\/www.underpolo.com\\\/de\\\/#\\\/schema\\\/logo\\\/image\\\/\"},\"sameAs\":[\"https:\\\/\\\/www.instagram.com\\\/underpolo_official\",\"https:\\\/\\\/www.tiktok.com\\\/@underpolo_official\",\"https:\\\/\\\/www.linkedin.com\\\/company\\\/underpolo\",\"https:\\\/\\\/www.youtube.com\\\/channel\\\/UC9GhYtuIQzTYgUUh3s01a4A\"]}]}<\/script>\n<!-- \/ Yoast SEO plugin. -->","yoast_head_json":{"title":"R\u00fcckerstattungs- und R\u00fcckgabebedingungen - Underpolo","robots":{"index":"index","follow":"follow","max-snippet":"max-snippet:-1","max-image-preview":"max-image-preview:large","max-video-preview":"max-video-preview:-1"},"canonical":"https:\/\/www.underpolo.com\/de\/rueckerstattungs-und-rueckgabebedingungen\/","og_locale":"de_DE","og_type":"article","og_title":"R\u00fcckerstattungs- und R\u00fcckgabebedingungen - Underpolo","og_description":"\u00dcberblick Unsere R\u00fcckerstattungs- und R\u00fcckgabebedingungen gelten 30 Tage lang. Wenn seit Ihrem Kauf 30 Tage vergangen sind, k\u00f6nnen wir Ihnen keine vollst\u00e4ndige R\u00fcckerstattung oder einen Umtausch anbieten. Um f\u00fcr eine R\u00fcckgabe berechtigt zu sein, muss Ihr Artikel unbenutzt und in dem gleichen Zustand sein, in dem Sie ihn erhalten haben. Er muss sich auch in [&hellip;]","og_url":"https:\/\/www.underpolo.com\/de\/rueckerstattungs-und-rueckgabebedingungen\/","og_site_name":"Underpolo","article_modified_time":"2026-01-23T13:57:49+00:00","twitter_card":"summary_large_image","twitter_misc":{"Gesch\u00e4tzte Lesezeit":"4\u00a0Minuten"},"schema":{"@context":"https:\/\/schema.org","@graph":[{"@type":"WebPage","@id":"https:\/\/www.underpolo.com\/de\/rueckerstattungs-und-rueckgabebedingungen\/","url":"https:\/\/www.underpolo.com\/de\/rueckerstattungs-und-rueckgabebedingungen\/","name":"R\u00fcckerstattungs- und R\u00fcckgabebedingungen - Underpolo","isPartOf":{"@id":"https:\/\/www.underpolo.com\/de\/#website"},"datePublished":"2025-12-22T09:09:33+00:00","dateModified":"2026-01-23T13:57:49+00:00","breadcrumb":{"@id":"https:\/\/www.underpolo.com\/de\/rueckerstattungs-und-rueckgabebedingungen\/#breadcrumb"},"inLanguage":"de","potentialAction":[{"@type":"ReadAction","target":["https:\/\/www.underpolo.com\/de\/rueckerstattungs-und-rueckgabebedingungen\/"]}]},{"@type":"BreadcrumbList","@id":"https:\/\/www.underpolo.com\/de\/rueckerstattungs-und-rueckgabebedingungen\/#breadcrumb","itemListElement":[{"@type":"ListItem","position":1,"name":"Home","item":"https:\/\/www.underpolo.com\/de\/"},{"@type":"ListItem","position":2,"name":"R\u00fcckerstattungs- und R\u00fcckgabebedingungen"}]},{"@type":"WebSite","@id":"https:\/\/www.underpolo.com\/de\/#website","url":"https:\/\/www.underpolo.com\/de\/","name":"Underpolo","description":"","publisher":{"@id":"https:\/\/www.underpolo.com\/de\/#organization"},"potentialAction":[{"@type":"SearchAction","target":{"@type":"EntryPoint","urlTemplate":"https:\/\/www.underpolo.com\/de\/?s={search_term_string}"},"query-input":{"@type":"PropertyValueSpecification","valueRequired":true,"valueName":"search_term_string"}}],"inLanguage":"de"},{"@type":"Organization","@id":"https:\/\/www.underpolo.com\/de\/#organization","name":"Underpolo","url":"https:\/\/www.underpolo.com\/de\/","logo":{"@type":"ImageObject","inLanguage":"de","@id":"https:\/\/www.underpolo.com\/de\/#\/schema\/logo\/image\/","url":"https:\/\/www.underpolo.com\/wp-content\/uploads\/2025\/07\/logo-blue.png","contentUrl":"https:\/\/www.underpolo.com\/wp-content\/uploads\/2025\/07\/logo-blue.png","width":600,"height":82,"caption":"Underpolo"},"image":{"@id":"https:\/\/www.underpolo.com\/de\/#\/schema\/logo\/image\/"},"sameAs":["https:\/\/www.instagram.com\/underpolo_official","https:\/\/www.tiktok.com\/@underpolo_official","https:\/\/www.linkedin.com\/company\/underpolo","https:\/\/www.youtube.com\/channel\/UC9GhYtuIQzTYgUUh3s01a4A"]}]}},"_links":{"self":[{"href":"https:\/\/www.underpolo.com\/de\/wp-json\/wp\/v2\/pages\/1085","targetHints":{"allow":["GET"]}}],"collection":[{"href":"https:\/\/www.underpolo.com\/de\/wp-json\/wp\/v2\/pages"}],"about":[{"href":"https:\/\/www.underpolo.com\/de\/wp-json\/wp\/v2\/types\/page"}],"author":[{"embeddable":true,"href":"https:\/\/www.underpolo.com\/de\/wp-json\/wp\/v2\/users\/1"}],"replies":[{"embeddable":true,"href":"https:\/\/www.underpolo.com\/de\/wp-json\/wp\/v2\/comments?post=1085"}],"version-history":[{"count":2,"href":"https:\/\/www.underpolo.com\/de\/wp-json\/wp\/v2\/pages\/1085\/revisions"}],"predecessor-version":[{"id":1305,"href":"https:\/\/www.underpolo.com\/de\/wp-json\/wp\/v2\/pages\/1085\/revisions\/1305"}],"wp:attachment":[{"href":"https:\/\/www.underpolo.com\/de\/wp-json\/wp\/v2\/media?parent=1085"}],"curies":[{"name":"wp","href":"https:\/\/api.w.org\/{rel}","templated":true}]}}